{"id":17787,"date":"2022-03-16T13:01:41","date_gmt":"2022-03-16T13:01:41","guid":{"rendered":"https:\/\/www.astrasn.com\/?post_type=product&#038;p=17787"},"modified":"2025-03-13T11:22:14","modified_gmt":"2025-03-13T11:22:14","slug":"fauteuil-de-bureau-8","status":"publish","type":"product","link":"https:\/\/www.astrasn.com\/en\/product\/fauteuil-de-bureau-8\/","title":{"rendered":"Fauteuil De Bureau"},"content":{"rendered":"<p><strong>Fauteuil de Bureau C-365<\/strong><\/p>\n<p>D\u00c9TAILS DU PRODUIT :Article : fonc\u00e9<br \/>\nDimensions (standard) : 58x71x130 (LxPxH)<\/p>\n<p>Description :<\/p>\n<div>\n<p><strong>Mati\u00e8re :<\/strong> cuir v\u00e9ritable<br \/>\n<strong>Traverse :<\/strong>\u00a0m\u00e9tal chrom\u00e9<br \/>\n<strong>Accoudoirs :<\/strong>\u00a0plastique avec pi\u00e8tement en m\u00e9tal, r\u00e9glage en hauteur et en profondeur, rotation dans le plan horizontal<br \/>\n<strong>M\u00e9canisme :<\/strong>\u00a0synchro-m\u00e9canisme avec r\u00e9glage en profondeur de l&rsquo;assise<\/p>\n<p><strong>DISPONIBLE UNIQUEMENT EN NOIR\u00a0<\/strong><\/p>\n<\/div>","protected":false},"excerpt":{"rendered":"<p>Fauteuil de Bureau C-365 D\u00c9TAILS DU PRODUIT :Article : fonc\u00e9 Dimensions (standard) : 58x71x130 (LxPxH) Description : Mati\u00e8re : cuir\u2026<\/p>","protected":false},"featured_media":17789,"comment_status":"open","ping_status":"closed","template":"","meta":[],"product_brand":[],"product_cat":[24,609,15,680,608],"product_tag":[],"class_list":{"0":"post-17787","1":"product","2":"type-product","3":"status-publish","4":"has-post-thumbnail","6":"product_cat-bureau","7":"product_cat-chaise-fauteuil-de-bureau","8":"product_cat-chaises-fauteuils","9":"product_cat-fauteuil-de-bureau","10":"product_cat-mobilier-bureau","12":"first","13":"outofstock","14":"shipping-taxable","15":"purchasable","16":"product-type-simple"},"yoast_head":"<!-- This site is optimized with the Yoast SEO plugin v27.2 - https:\/\/yoast.com\/product\/yoast-seo-wordpress\/ -->\n<title>Acheter Fauteuil De Bureau au meilleur prix. - Astra - Dakar, S\u00e9n\u00e9gal<\/title>\n<meta name=\"description\" content=\"Astra - Acheter Fauteuil De Bureau au meilleur prix, Dakar, S\u00e9n\u00e9gal \u2192 D\u00e9couvrez nos meubles, chaises, bureaux, chambres a coucher, rangements...\" \/>\n<meta name=\"robots\" content=\"index, follow, max-snippet:-1, max-image-preview:large, max-video-preview:-1\" \/>\n<link rel=\"canonical\" href=\"https:\/\/www.astrasn.com\/en\/product\/fauteuil-de-bureau-8\/\" \/>\n<meta property=\"og:locale\" content=\"en_US\" \/>\n<meta property=\"og:type\" content=\"article\" \/>\n<meta property=\"og:title\" content=\"Acheter Fauteuil De Bureau au meilleur prix. - Astra - Dakar, S\u00e9n\u00e9gal\" \/>\n<meta property=\"og:description\" content=\"Astra - Acheter Fauteuil De Bureau au meilleur prix, Dakar, S\u00e9n\u00e9gal \u2192 D\u00e9couvrez nos meubles, chaises, bureaux, chambres a coucher, rangements...\" \/>\n<meta property=\"og:url\" content=\"https:\/\/www.astrasn.com\/en\/product\/fauteuil-de-bureau-8\/\" \/>\n<meta property=\"og:site_name\" content=\"Astra\" \/>\n<meta property=\"article:publisher\" content=\"https:\/\/www.facebook.com\/astrasenegal\" \/>\n<meta property=\"article:modified_time\" content=\"2025-03-13T11:22:14+00:00\" \/>\n<meta property=\"og:image\" content=\"https:\/\/www.astrasn.com\/wp-content\/uploads\/2022\/03\/56f96116-c532-4951-a64f-692e4ce23661.jpg\" \/>\n\t<meta property=\"og:image:width\" content=\"810\" \/>\n\t<meta property=\"og:image:height\" content=\"1080\" \/>\n\t<meta property=\"og:image:type\" content=\"image\/jpeg\" \/>\n<meta name=\"twitter:card\" content=\"summary_large_image\" \/>\n<meta name=\"twitter:label1\" content=\"Est. reading time\" \/>\n\t<meta name=\"twitter:data1\" content=\"1 minute\" \/>\n<script type=\"application\/ld+json\" class=\"yoast-schema-graph\">{\"@context\":\"https:\/\/schema.org\",\"@graph\":[{\"@type\":\"WebPage\",\"@id\":\"https:\/\/www.astrasn.com\/produit\/fauteuil-de-bureau-8\/\",\"url\":\"https:\/\/www.astrasn.com\/produit\/fauteuil-de-bureau-8\/\",\"name\":\"Acheter Fauteuil De Bureau au meilleur prix. - Astra - Dakar, S\u00e9n\u00e9gal\",\"isPartOf\":{\"@id\":\"https:\/\/www.astrasn.com\/#website\"},\"primaryImageOfPage\":{\"@id\":\"https:\/\/www.astrasn.com\/produit\/fauteuil-de-bureau-8\/#primaryimage\"},\"image\":{\"@id\":\"https:\/\/www.astrasn.com\/produit\/fauteuil-de-bureau-8\/#primaryimage\"},\"thumbnailUrl\":\"https:\/\/www.astrasn.com\/wp-content\/uploads\/2022\/03\/56f96116-c532-4951-a64f-692e4ce23661.jpg\",\"datePublished\":\"2022-03-16T13:01:41+00:00\",\"dateModified\":\"2025-03-13T11:22:14+00:00\",\"description\":\"Astra - Acheter Fauteuil De Bureau au meilleur prix, Dakar, S\u00e9n\u00e9gal \u2192 D\u00e9couvrez nos meubles, chaises, bureaux, chambres a coucher, rangements...\",\"breadcrumb\":{\"@id\":\"https:\/\/www.astrasn.com\/produit\/fauteuil-de-bureau-8\/#breadcrumb\"},\"inLanguage\":\"en-US\",\"potentialAction\":[{\"@type\":\"ReadAction\",\"target\":[\"https:\/\/www.astrasn.com\/produit\/fauteuil-de-bureau-8\/\"]}]},{\"@type\":\"ImageObject\",\"inLanguage\":\"en-US\",\"@id\":\"https:\/\/www.astrasn.com\/produit\/fauteuil-de-bureau-8\/#primaryimage\",\"url\":\"https:\/\/www.astrasn.com\/wp-content\/uploads\/2022\/03\/56f96116-c532-4951-a64f-692e4ce23661.jpg\",\"contentUrl\":\"https:\/\/www.astrasn.com\/wp-content\/uploads\/2022\/03\/56f96116-c532-4951-a64f-692e4ce23661.jpg\",\"width\":810,\"height\":1080},{\"@type\":\"BreadcrumbList\",\"@id\":\"https:\/\/www.astrasn.com\/produit\/fauteuil-de-bureau-8\/#breadcrumb\",\"itemListElement\":[{\"@type\":\"ListItem\",\"position\":1,\"name\":\"Accueil\",\"item\":\"https:\/\/www.astrasn.com\/\"},{\"@type\":\"ListItem\",\"position\":2,\"name\":\"Boutique\",\"item\":\"https:\/\/www.astrasn.com\/boutique\/\"},{\"@type\":\"ListItem\",\"position\":3,\"name\":\"Fauteuil De Bureau\"}]},{\"@type\":\"WebSite\",\"@id\":\"https:\/\/www.astrasn.com\/#website\",\"url\":\"https:\/\/www.astrasn.com\/\",\"name\":\"Astra\",\"description\":\"\",\"publisher\":{\"@id\":\"https:\/\/www.astrasn.com\/#organization\"},\"potentialAction\":[{\"@type\":\"SearchAction\",\"target\":{\"@type\":\"EntryPoint\",\"urlTemplate\":\"https:\/\/www.astrasn.com\/?s={search_term_string}\"},\"query-input\":{\"@type\":\"PropertyValueSpecification\",\"valueRequired\":true,\"valueName\":\"search_term_string\"}}],\"inLanguage\":\"en-US\"},{\"@type\":\"Organization\",\"@id\":\"https:\/\/www.astrasn.com\/#organization\",\"name\":\"Astra S\u00e9n\u00e9gal\",\"url\":\"https:\/\/www.astrasn.com\/\",\"logo\":{\"@type\":\"ImageObject\",\"inLanguage\":\"en-US\",\"@id\":\"https:\/\/www.astrasn.com\/#\/schema\/logo\/image\/\",\"url\":\"https:\/\/www.astrasn.com\/wp-content\/uploads\/2022\/02\/logo.png\",\"contentUrl\":\"https:\/\/www.astrasn.com\/wp-content\/uploads\/2022\/02\/logo.png\",\"width\":575,\"height\":400,\"caption\":\"Astra S\u00e9n\u00e9gal\"},\"image\":{\"@id\":\"https:\/\/www.astrasn.com\/#\/schema\/logo\/image\/\"},\"sameAs\":[\"https:\/\/www.facebook.com\/astrasenegal\",\"https:\/\/www.instagram.com\/astrasenegal\/\",\"https:\/\/www.youtube.com\/channel\/UC58lUdK8NcS6ADpXlmEQpHA\/\"]}]}<\/script>\n<!-- \/ Yoast SEO plugin. -->","yoast_head_json":{"title":"Acheter Fauteuil De Bureau au meilleur prix. - Astra - Dakar, S\u00e9n\u00e9gal","description":"Astra - Acheter Fauteuil De Bureau au meilleur prix, Dakar, S\u00e9n\u00e9gal \u2192 D\u00e9couvrez nos meubles, chaises, bureaux, chambres a coucher, rangements...","robots":{"index":"index","follow":"follow","max-snippet":"max-snippet:-1","max-image-preview":"max-image-preview:large","max-video-preview":"max-video-preview:-1"},"canonical":"https:\/\/www.astrasn.com\/en\/product\/fauteuil-de-bureau-8\/","og_locale":"en_US","og_type":"article","og_title":"Acheter Fauteuil De Bureau au meilleur prix. - Astra - Dakar, S\u00e9n\u00e9gal","og_description":"Astra - Acheter Fauteuil De Bureau au meilleur prix, Dakar, S\u00e9n\u00e9gal \u2192 D\u00e9couvrez nos meubles, chaises, bureaux, chambres a coucher, rangements...","og_url":"https:\/\/www.astrasn.com\/en\/product\/fauteuil-de-bureau-8\/","og_site_name":"Astra","article_publisher":"https:\/\/www.facebook.com\/astrasenegal","article_modified_time":"2025-03-13T11:22:14+00:00","og_image":[{"width":810,"height":1080,"url":"https:\/\/www.astrasn.com\/wp-content\/uploads\/2022\/03\/56f96116-c532-4951-a64f-692e4ce23661.jpg","type":"image\/jpeg"}],"twitter_card":"summary_large_image","twitter_misc":{"Est. reading time":"1 minute"},"schema":{"@context":"https:\/\/schema.org","@graph":[{"@type":"WebPage","@id":"https:\/\/www.astrasn.com\/produit\/fauteuil-de-bureau-8\/","url":"https:\/\/www.astrasn.com\/produit\/fauteuil-de-bureau-8\/","name":"Acheter Fauteuil De Bureau au meilleur prix. - Astra - Dakar, S\u00e9n\u00e9gal","isPartOf":{"@id":"https:\/\/www.astrasn.com\/#website"},"primaryImageOfPage":{"@id":"https:\/\/www.astrasn.com\/produit\/fauteuil-de-bureau-8\/#primaryimage"},"image":{"@id":"https:\/\/www.astrasn.com\/produit\/fauteuil-de-bureau-8\/#primaryimage"},"thumbnailUrl":"https:\/\/www.astrasn.com\/wp-content\/uploads\/2022\/03\/56f96116-c532-4951-a64f-692e4ce23661.jpg","datePublished":"2022-03-16T13:01:41+00:00","dateModified":"2025-03-13T11:22:14+00:00","description":"Astra - Acheter Fauteuil De Bureau au meilleur prix, Dakar, S\u00e9n\u00e9gal \u2192 D\u00e9couvrez nos meubles, chaises, bureaux, chambres a coucher, rangements...","breadcrumb":{"@id":"https:\/\/www.astrasn.com\/produit\/fauteuil-de-bureau-8\/#breadcrumb"},"inLanguage":"en-US","potentialAction":[{"@type":"ReadAction","target":["https:\/\/www.astrasn.com\/produit\/fauteuil-de-bureau-8\/"]}]},{"@type":"ImageObject","inLanguage":"en-US","@id":"https:\/\/www.astrasn.com\/produit\/fauteuil-de-bureau-8\/#primaryimage","url":"https:\/\/www.astrasn.com\/wp-content\/uploads\/2022\/03\/56f96116-c532-4951-a64f-692e4ce23661.jpg","contentUrl":"https:\/\/www.astrasn.com\/wp-content\/uploads\/2022\/03\/56f96116-c532-4951-a64f-692e4ce23661.jpg","width":810,"height":1080},{"@type":"BreadcrumbList","@id":"https:\/\/www.astrasn.com\/produit\/fauteuil-de-bureau-8\/#breadcrumb","itemListElement":[{"@type":"ListItem","position":1,"name":"Accueil","item":"https:\/\/www.astrasn.com\/"},{"@type":"ListItem","position":2,"name":"Boutique","item":"https:\/\/www.astrasn.com\/boutique\/"},{"@type":"ListItem","position":3,"name":"Fauteuil De Bureau"}]},{"@type":"WebSite","@id":"https:\/\/www.astrasn.com\/#website","url":"https:\/\/www.astrasn.com\/","name":"Astra","description":"","publisher":{"@id":"https:\/\/www.astrasn.com\/#organization"},"potentialAction":[{"@type":"SearchAction","target":{"@type":"EntryPoint","urlTemplate":"https:\/\/www.astrasn.com\/?s={search_term_string}"},"query-input":{"@type":"PropertyValueSpecification","valueRequired":true,"valueName":"search_term_string"}}],"inLanguage":"en-US"},{"@type":"Organization","@id":"https:\/\/www.astrasn.com\/#organization","name":"Astra S\u00e9n\u00e9gal","url":"https:\/\/www.astrasn.com\/","logo":{"@type":"ImageObject","inLanguage":"en-US","@id":"https:\/\/www.astrasn.com\/#\/schema\/logo\/image\/","url":"https:\/\/www.astrasn.com\/wp-content\/uploads\/2022\/02\/logo.png","contentUrl":"https:\/\/www.astrasn.com\/wp-content\/uploads\/2022\/02\/logo.png","width":575,"height":400,"caption":"Astra S\u00e9n\u00e9gal"},"image":{"@id":"https:\/\/www.astrasn.com\/#\/schema\/logo\/image\/"},"sameAs":["https:\/\/www.facebook.com\/astrasenegal","https:\/\/www.instagram.com\/astrasenegal\/","https:\/\/www.youtube.com\/channel\/UC58lUdK8NcS6ADpXlmEQpHA\/"]}]}},"_links":{"self":[{"href":"https:\/\/www.astrasn.com\/en\/wp-json\/wp\/v2\/product\/17787","targetHints":{"allow":["GET"]}}],"collection":[{"href":"https:\/\/www.astrasn.com\/en\/wp-json\/wp\/v2\/product"}],"about":[{"href":"https:\/\/www.astrasn.com\/en\/wp-json\/wp\/v2\/types\/product"}],"replies":[{"embeddable":true,"href":"https:\/\/www.astrasn.com\/en\/wp-json\/wp\/v2\/comments?post=17787"}],"wp:featuredmedia":[{"embeddable":true,"href":"https:\/\/www.astrasn.com\/en\/wp-json\/wp\/v2\/media\/17789"}],"wp:attachment":[{"href":"https:\/\/www.astrasn.com\/en\/wp-json\/wp\/v2\/media?parent=17787"}],"wp:term":[{"taxonomy":"product_brand","embeddable":true,"href":"https:\/\/www.astrasn.com\/en\/wp-json\/wp\/v2\/product_brand?post=17787"},{"taxonomy":"product_cat","embeddable":true,"href":"https:\/\/www.astrasn.com\/en\/wp-json\/wp\/v2\/product_cat?post=17787"},{"taxonomy":"product_tag","embeddable":true,"href":"https:\/\/www.astrasn.com\/en\/wp-json\/wp\/v2\/product_tag?post=17787"}],"curies":[{"name":"wp","href":"https:\/\/api.w.org\/{rel}","templated":true}]}}