{"id":14127,"date":"2020-10-12T16:57:40","date_gmt":"2020-10-12T16:57:40","guid":{"rendered":"http:\/\/astrasn.com\/?post_type=product&#038;p=14127"},"modified":"2021-01-28T17:09:43","modified_gmt":"2021-01-28T17:09:43","slug":"chaise-bar-vinci","status":"publish","type":"product","link":"https:\/\/www.astrasn.com\/en\/product\/chaise-bar-vinci\/","title":{"rendered":"Chaise Bar Vinci"},"content":{"rendered":"<p>Le tabouret Vinci est une combinaison de confort, d&rsquo;\u00e9l\u00e9gance et de fonctionnalit\u00e9.<\/p>\n<p>Un si\u00e8ge confortable de forme sp\u00e9ciale, recouvert de cuir \u00e9cologique, combin\u00e9 \u00e0 une base stable, cr\u00e9ant un duo parfait qui ajoutera une \u00e9l\u00e9gance moderne \u00e0 n&rsquo;importe quelle pi\u00e8ce.<\/p>\n<p>La taille du si\u00e8ge et les accoudoirs souples assureront confort et commodit\u00e9.<\/p>\n<p>La plage de r\u00e9glage de 60 \u00e0 80 cm lors de la s\u00e9lection d&rsquo;une base haute lui permet d&rsquo;\u00eatre utilis\u00e9e, par exemple, comme chaise de maquillage, fauteuil pour comptoirs sur\u00e9lev\u00e9s dans la r\u00e9ception ou la cuisine.<\/p>\n<p>Les tabourets de bar VINCI sont faciles \u00e0 nettoyer gr\u00e2ce \u00e0 l&rsquo;espace libre entre le dossier, les accoudoirs et le si\u00e8ge.<\/p>\n<p>Ces tabourets sont parfaits pour les cuisines modernes, les restaurants, les bars, les boutiques exclusives, les salons de beaut\u00e9 \/ coiffure, les bureaux \u00e9l\u00e9gants, les stands dans les foires, les points d&rsquo;information.<\/p>\n<p>Caract\u00e9ristiques:<\/p>\n<p>Si\u00e8ge recouvert de cuir \u00e9cologique<br \/>\nAccoudoirs confortables<br \/>\nR\u00e9glage de la hauteur<br \/>\nSi\u00e8ge pivotant (360 degr\u00e9s) les<br \/>\nTabourets de bar sont neufs<br \/>\nLargeur d&rsquo;assise interne &#8211; largeur<br \/>\nAssise externe 45 cm &#8211;<br \/>\nHauteur du dossier 55 cm &#8211; 35 cm<\/p>","protected":false},"excerpt":{"rendered":"<p>Le tabouret Vinci est une combinaison de confort, d&rsquo;\u00e9l\u00e9gance et de fonctionnalit\u00e9. Un si\u00e8ge confortable de forme sp\u00e9ciale, recouvert de\u2026<\/p>","protected":false},"featured_media":13843,"comment_status":"open","ping_status":"closed","template":"","meta":[],"product_brand":[],"product_cat":[15],"product_tag":[],"class_list":{"0":"post-14127","1":"product","2":"type-product","3":"status-publish","4":"has-post-thumbnail","6":"product_cat-chaises-fauteuils","8":"first","9":"outofstock","10":"shipping-taxable","11":"purchasable","12":"product-type-simple"},"yoast_head":"<!-- This site is optimized with the Yoast SEO plugin v27.2 - https:\/\/yoast.com\/product\/yoast-seo-wordpress\/ -->\n<title>Acheter Chaise Bar Vinci au meilleur prix. - Astra - Dakar, S\u00e9n\u00e9gal<\/title>\n<meta name=\"description\" content=\"Astra - Acheter Chaise Bar Vinci au meilleur prix, Dakar, S\u00e9n\u00e9gal \u2192 D\u00e9couvrez nos meubles, chaises, bureaux, chambres a coucher, rangements...\" \/>\n<meta name=\"robots\" content=\"index, follow, max-snippet:-1, max-image-preview:large, max-video-preview:-1\" \/>\n<link rel=\"canonical\" href=\"https:\/\/www.astrasn.com\/en\/product\/chaise-bar-vinci\/\" \/>\n<meta property=\"og:locale\" content=\"en_US\" \/>\n<meta property=\"og:type\" content=\"article\" \/>\n<meta property=\"og:title\" content=\"Acheter Chaise Bar Vinci au meilleur prix. - Astra - Dakar, S\u00e9n\u00e9gal\" \/>\n<meta property=\"og:description\" content=\"Astra - Acheter Chaise Bar Vinci au meilleur prix, Dakar, S\u00e9n\u00e9gal \u2192 D\u00e9couvrez nos meubles, chaises, bureaux, chambres a coucher, rangements...\" \/>\n<meta property=\"og:url\" content=\"https:\/\/www.astrasn.com\/en\/product\/chaise-bar-vinci\/\" \/>\n<meta property=\"og:site_name\" content=\"Astra\" \/>\n<meta property=\"article:publisher\" content=\"https:\/\/www.facebook.com\/astrasenegal\" \/>\n<meta property=\"article:modified_time\" content=\"2021-01-28T17:09:43+00:00\" \/>\n<meta property=\"og:image\" content=\"https:\/\/www.astrasn.com\/wp-content\/uploads\/2020\/10\/02-5.jpg\" \/>\n\t<meta property=\"og:image:width\" content=\"1000\" \/>\n\t<meta property=\"og:image:height\" content=\"1000\" \/>\n\t<meta property=\"og:image:type\" content=\"image\/jpeg\" \/>\n<meta name=\"twitter:card\" content=\"summary_large_image\" \/>\n<meta name=\"twitter:label1\" content=\"Est. reading time\" \/>\n\t<meta name=\"twitter:data1\" content=\"1 minute\" \/>\n<script type=\"application\/ld+json\" class=\"yoast-schema-graph\">{\"@context\":\"https:\/\/schema.org\",\"@graph\":[{\"@type\":\"WebPage\",\"@id\":\"https:\/\/www.astrasn.com\/produit\/chaise-bar-vinci\/\",\"url\":\"https:\/\/www.astrasn.com\/produit\/chaise-bar-vinci\/\",\"name\":\"Acheter Chaise Bar Vinci au meilleur prix. - Astra - Dakar, S\u00e9n\u00e9gal\",\"isPartOf\":{\"@id\":\"https:\/\/www.astrasn.com\/#website\"},\"primaryImageOfPage\":{\"@id\":\"https:\/\/www.astrasn.com\/produit\/chaise-bar-vinci\/#primaryimage\"},\"image\":{\"@id\":\"https:\/\/www.astrasn.com\/produit\/chaise-bar-vinci\/#primaryimage\"},\"thumbnailUrl\":\"https:\/\/www.astrasn.com\/wp-content\/uploads\/2020\/10\/02-5.jpg\",\"datePublished\":\"2020-10-12T16:57:40+00:00\",\"dateModified\":\"2021-01-28T17:09:43+00:00\",\"description\":\"Astra - Acheter Chaise Bar Vinci au meilleur prix, Dakar, S\u00e9n\u00e9gal \u2192 D\u00e9couvrez nos meubles, chaises, bureaux, chambres a coucher, rangements...\",\"breadcrumb\":{\"@id\":\"https:\/\/www.astrasn.com\/produit\/chaise-bar-vinci\/#breadcrumb\"},\"inLanguage\":\"en-US\",\"potentialAction\":[{\"@type\":\"ReadAction\",\"target\":[\"https:\/\/www.astrasn.com\/produit\/chaise-bar-vinci\/\"]}]},{\"@type\":\"ImageObject\",\"inLanguage\":\"en-US\",\"@id\":\"https:\/\/www.astrasn.com\/produit\/chaise-bar-vinci\/#primaryimage\",\"url\":\"https:\/\/www.astrasn.com\/wp-content\/uploads\/2020\/10\/02-5.jpg\",\"contentUrl\":\"https:\/\/www.astrasn.com\/wp-content\/uploads\/2020\/10\/02-5.jpg\",\"width\":1000,\"height\":1000},{\"@type\":\"BreadcrumbList\",\"@id\":\"https:\/\/www.astrasn.com\/produit\/chaise-bar-vinci\/#breadcrumb\",\"itemListElement\":[{\"@type\":\"ListItem\",\"position\":1,\"name\":\"Accueil\",\"item\":\"https:\/\/www.astrasn.com\/\"},{\"@type\":\"ListItem\",\"position\":2,\"name\":\"Boutique\",\"item\":\"https:\/\/www.astrasn.com\/boutique\/\"},{\"@type\":\"ListItem\",\"position\":3,\"name\":\"Chaise Bar Vinci\"}]},{\"@type\":\"WebSite\",\"@id\":\"https:\/\/www.astrasn.com\/#website\",\"url\":\"https:\/\/www.astrasn.com\/\",\"name\":\"Astra\",\"description\":\"\",\"publisher\":{\"@id\":\"https:\/\/www.astrasn.com\/#organization\"},\"potentialAction\":[{\"@type\":\"SearchAction\",\"target\":{\"@type\":\"EntryPoint\",\"urlTemplate\":\"https:\/\/www.astrasn.com\/?s={search_term_string}\"},\"query-input\":{\"@type\":\"PropertyValueSpecification\",\"valueRequired\":true,\"valueName\":\"search_term_string\"}}],\"inLanguage\":\"en-US\"},{\"@type\":\"Organization\",\"@id\":\"https:\/\/www.astrasn.com\/#organization\",\"name\":\"Astra S\u00e9n\u00e9gal\",\"url\":\"https:\/\/www.astrasn.com\/\",\"logo\":{\"@type\":\"ImageObject\",\"inLanguage\":\"en-US\",\"@id\":\"https:\/\/www.astrasn.com\/#\/schema\/logo\/image\/\",\"url\":\"https:\/\/www.astrasn.com\/wp-content\/uploads\/2022\/02\/logo.png\",\"contentUrl\":\"https:\/\/www.astrasn.com\/wp-content\/uploads\/2022\/02\/logo.png\",\"width\":575,\"height\":400,\"caption\":\"Astra S\u00e9n\u00e9gal\"},\"image\":{\"@id\":\"https:\/\/www.astrasn.com\/#\/schema\/logo\/image\/\"},\"sameAs\":[\"https:\/\/www.facebook.com\/astrasenegal\",\"https:\/\/www.instagram.com\/astrasenegal\/\",\"https:\/\/www.youtube.com\/channel\/UC58lUdK8NcS6ADpXlmEQpHA\/\"]}]}<\/script>\n<!-- \/ Yoast SEO plugin. -->","yoast_head_json":{"title":"Acheter Chaise Bar Vinci au meilleur prix. - Astra - Dakar, S\u00e9n\u00e9gal","description":"Astra - Acheter Chaise Bar Vinci au meilleur prix, Dakar, S\u00e9n\u00e9gal \u2192 D\u00e9couvrez nos meubles, chaises, bureaux, chambres a coucher, rangements...","robots":{"index":"index","follow":"follow","max-snippet":"max-snippet:-1","max-image-preview":"max-image-preview:large","max-video-preview":"max-video-preview:-1"},"canonical":"https:\/\/www.astrasn.com\/en\/product\/chaise-bar-vinci\/","og_locale":"en_US","og_type":"article","og_title":"Acheter Chaise Bar Vinci au meilleur prix. - Astra - Dakar, S\u00e9n\u00e9gal","og_description":"Astra - Acheter Chaise Bar Vinci au meilleur prix, Dakar, S\u00e9n\u00e9gal \u2192 D\u00e9couvrez nos meubles, chaises, bureaux, chambres a coucher, rangements...","og_url":"https:\/\/www.astrasn.com\/en\/product\/chaise-bar-vinci\/","og_site_name":"Astra","article_publisher":"https:\/\/www.facebook.com\/astrasenegal","article_modified_time":"2021-01-28T17:09:43+00:00","og_image":[{"width":1000,"height":1000,"url":"https:\/\/www.astrasn.com\/wp-content\/uploads\/2020\/10\/02-5.jpg","type":"image\/jpeg"}],"twitter_card":"summary_large_image","twitter_misc":{"Est. reading time":"1 minute"},"schema":{"@context":"https:\/\/schema.org","@graph":[{"@type":"WebPage","@id":"https:\/\/www.astrasn.com\/produit\/chaise-bar-vinci\/","url":"https:\/\/www.astrasn.com\/produit\/chaise-bar-vinci\/","name":"Acheter Chaise Bar Vinci au meilleur prix. - Astra - Dakar, S\u00e9n\u00e9gal","isPartOf":{"@id":"https:\/\/www.astrasn.com\/#website"},"primaryImageOfPage":{"@id":"https:\/\/www.astrasn.com\/produit\/chaise-bar-vinci\/#primaryimage"},"image":{"@id":"https:\/\/www.astrasn.com\/produit\/chaise-bar-vinci\/#primaryimage"},"thumbnailUrl":"https:\/\/www.astrasn.com\/wp-content\/uploads\/2020\/10\/02-5.jpg","datePublished":"2020-10-12T16:57:40+00:00","dateModified":"2021-01-28T17:09:43+00:00","description":"Astra - Acheter Chaise Bar Vinci au meilleur prix, Dakar, S\u00e9n\u00e9gal \u2192 D\u00e9couvrez nos meubles, chaises, bureaux, chambres a coucher, rangements...","breadcrumb":{"@id":"https:\/\/www.astrasn.com\/produit\/chaise-bar-vinci\/#breadcrumb"},"inLanguage":"en-US","potentialAction":[{"@type":"ReadAction","target":["https:\/\/www.astrasn.com\/produit\/chaise-bar-vinci\/"]}]},{"@type":"ImageObject","inLanguage":"en-US","@id":"https:\/\/www.astrasn.com\/produit\/chaise-bar-vinci\/#primaryimage","url":"https:\/\/www.astrasn.com\/wp-content\/uploads\/2020\/10\/02-5.jpg","contentUrl":"https:\/\/www.astrasn.com\/wp-content\/uploads\/2020\/10\/02-5.jpg","width":1000,"height":1000},{"@type":"BreadcrumbList","@id":"https:\/\/www.astrasn.com\/produit\/chaise-bar-vinci\/#breadcrumb","itemListElement":[{"@type":"ListItem","position":1,"name":"Accueil","item":"https:\/\/www.astrasn.com\/"},{"@type":"ListItem","position":2,"name":"Boutique","item":"https:\/\/www.astrasn.com\/boutique\/"},{"@type":"ListItem","position":3,"name":"Chaise Bar Vinci"}]},{"@type":"WebSite","@id":"https:\/\/www.astrasn.com\/#website","url":"https:\/\/www.astrasn.com\/","name":"Astra","description":"","publisher":{"@id":"https:\/\/www.astrasn.com\/#organization"},"potentialAction":[{"@type":"SearchAction","target":{"@type":"EntryPoint","urlTemplate":"https:\/\/www.astrasn.com\/?s={search_term_string}"},"query-input":{"@type":"PropertyValueSpecification","valueRequired":true,"valueName":"search_term_string"}}],"inLanguage":"en-US"},{"@type":"Organization","@id":"https:\/\/www.astrasn.com\/#organization","name":"Astra S\u00e9n\u00e9gal","url":"https:\/\/www.astrasn.com\/","logo":{"@type":"ImageObject","inLanguage":"en-US","@id":"https:\/\/www.astrasn.com\/#\/schema\/logo\/image\/","url":"https:\/\/www.astrasn.com\/wp-content\/uploads\/2022\/02\/logo.png","contentUrl":"https:\/\/www.astrasn.com\/wp-content\/uploads\/2022\/02\/logo.png","width":575,"height":400,"caption":"Astra S\u00e9n\u00e9gal"},"image":{"@id":"https:\/\/www.astrasn.com\/#\/schema\/logo\/image\/"},"sameAs":["https:\/\/www.facebook.com\/astrasenegal","https:\/\/www.instagram.com\/astrasenegal\/","https:\/\/www.youtube.com\/channel\/UC58lUdK8NcS6ADpXlmEQpHA\/"]}]}},"_links":{"self":[{"href":"https:\/\/www.astrasn.com\/en\/wp-json\/wp\/v2\/product\/14127","targetHints":{"allow":["GET"]}}],"collection":[{"href":"https:\/\/www.astrasn.com\/en\/wp-json\/wp\/v2\/product"}],"about":[{"href":"https:\/\/www.astrasn.com\/en\/wp-json\/wp\/v2\/types\/product"}],"replies":[{"embeddable":true,"href":"https:\/\/www.astrasn.com\/en\/wp-json\/wp\/v2\/comments?post=14127"}],"wp:featuredmedia":[{"embeddable":true,"href":"https:\/\/www.astrasn.com\/en\/wp-json\/wp\/v2\/media\/13843"}],"wp:attachment":[{"href":"https:\/\/www.astrasn.com\/en\/wp-json\/wp\/v2\/media?parent=14127"}],"wp:term":[{"taxonomy":"product_brand","embeddable":true,"href":"https:\/\/www.astrasn.com\/en\/wp-json\/wp\/v2\/product_brand?post=14127"},{"taxonomy":"product_cat","embeddable":true,"href":"https:\/\/www.astrasn.com\/en\/wp-json\/wp\/v2\/product_cat?post=14127"},{"taxonomy":"product_tag","embeddable":true,"href":"https:\/\/www.astrasn.com\/en\/wp-json\/wp\/v2\/product_tag?post=14127"}],"curies":[{"name":"wp","href":"https:\/\/api.w.org\/{rel}","templated":true}]}}