{"id":14213,"date":"2020-11-23T13:45:17","date_gmt":"2020-11-23T13:45:17","guid":{"rendered":"http:\/\/astrasn.com\/?post_type=product&#038;p=14213"},"modified":"2021-01-28T16:43:44","modified_gmt":"2021-01-28T16:43:44","slug":"tables-tv-blanc-marron","status":"publish","type":"product","link":"https:\/\/www.astrasn.com\/en\/product\/tables-tv-blanc-marron\/","title":{"rendered":"Tables TV Blanc Marron"},"content":{"rendered":"<p>Table T\u00e9l\u00e9vision en bois Disponible sur commande<\/p>\n<p>Couleur : Toit blanc devanture marron<\/p>\n<p>Dimension : 120 x 35 x 35cm<\/p>\n<p>Livraison sous quinzaine<\/p>","protected":false},"excerpt":{"rendered":"<p>Table T\u00e9l\u00e9vision en bois Disponible sur commande<\/p>\n<p>Couleur : Toit blanc devanture marron<\/p>\n<p>Dimension : 120 x 35 x 35cm<\/p>\n<p>Livraison sous quinzaine<\/p>","protected":false},"featured_media":14112,"comment_status":"open","ping_status":"closed","template":"","meta":[],"product_brand":[],"product_cat":[261],"product_tag":[468,282,469,265,466,467,488,266],"class_list":{"0":"post-14213","1":"product","2":"type-product","3":"status-publish","4":"has-post-thumbnail","6":"product_cat-tables","7":"product_tag-blanc","8":"product_tag-bois","9":"product_tag-comode","10":"product_tag-meuble","11":"product_tag-meuble-tv","12":"product_tag-rangement","13":"product_tag-table-tv","14":"product_tag-tv","16":"first","17":"outofstock","18":"sale","19":"shipping-taxable","20":"purchasable","21":"product-type-simple"},"yoast_head":"<!-- This site is optimized with the Yoast SEO plugin v27.2 - https:\/\/yoast.com\/product\/yoast-seo-wordpress\/ -->\n<title>Acheter Tables TV Blanc Marron pas cher - Astra - S\u00e9n\u00e9gal<\/title>\n<meta name=\"description\" content=\"Table T\u00e9l\u00e9vision bois Disponible sur commande. Blanc marron. Dimension : 120 x 35 x 35cm. Acheter meuble pas cher dakar s\u00e9n\u00e9gal\" \/>\n<meta name=\"robots\" content=\"index, follow, max-snippet:-1, max-image-preview:large, max-video-preview:-1\" \/>\n<link rel=\"canonical\" href=\"https:\/\/www.astrasn.com\/en\/product\/tables-tv-blanc-marron\/\" \/>\n<meta property=\"og:locale\" content=\"en_US\" \/>\n<meta property=\"og:type\" content=\"article\" \/>\n<meta property=\"og:title\" content=\"Acheter Tables TV Blanc Marron pas cher - Astra - S\u00e9n\u00e9gal\" \/>\n<meta property=\"og:description\" content=\"Table T\u00e9l\u00e9vision bois Disponible sur commande. Blanc marron. Dimension : 120 x 35 x 35cm. Acheter meuble pas cher dakar s\u00e9n\u00e9gal\" \/>\n<meta property=\"og:url\" content=\"https:\/\/www.astrasn.com\/en\/product\/tables-tv-blanc-marron\/\" \/>\n<meta property=\"og:site_name\" content=\"Astra\" \/>\n<meta property=\"article:publisher\" content=\"https:\/\/www.facebook.com\/astrasenegal\" \/>\n<meta property=\"article:modified_time\" content=\"2021-01-28T16:43:44+00:00\" \/>\n<meta property=\"og:image\" content=\"https:\/\/www.astrasn.com\/wp-content\/uploads\/2020\/10\/1_1_59782143.jpg\" \/>\n\t<meta property=\"og:image:width\" content=\"750\" \/>\n\t<meta property=\"og:image:height\" content=\"750\" \/>\n\t<meta property=\"og:image:type\" content=\"image\/jpeg\" \/>\n<meta name=\"twitter:card\" content=\"summary_large_image\" \/>\n<script type=\"application\/ld+json\" class=\"yoast-schema-graph\">{\"@context\":\"https:\/\/schema.org\",\"@graph\":[{\"@type\":\"WebPage\",\"@id\":\"https:\/\/www.astrasn.com\/produit\/tables-tv-blanc-marron\/\",\"url\":\"https:\/\/www.astrasn.com\/produit\/tables-tv-blanc-marron\/\",\"name\":\"Acheter Tables TV Blanc Marron pas cher - Astra - S\u00e9n\u00e9gal\",\"isPartOf\":{\"@id\":\"https:\/\/www.astrasn.com\/#website\"},\"primaryImageOfPage\":{\"@id\":\"https:\/\/www.astrasn.com\/produit\/tables-tv-blanc-marron\/#primaryimage\"},\"image\":{\"@id\":\"https:\/\/www.astrasn.com\/produit\/tables-tv-blanc-marron\/#primaryimage\"},\"thumbnailUrl\":\"https:\/\/www.astrasn.com\/wp-content\/uploads\/2020\/10\/1_1_59782143.jpg\",\"datePublished\":\"2020-11-23T13:45:17+00:00\",\"dateModified\":\"2021-01-28T16:43:44+00:00\",\"description\":\"Table T\u00e9l\u00e9vision bois Disponible sur commande. Blanc marron. Dimension : 120 x 35 x 35cm. Acheter meuble pas cher dakar s\u00e9n\u00e9gal\",\"breadcrumb\":{\"@id\":\"https:\/\/www.astrasn.com\/produit\/tables-tv-blanc-marron\/#breadcrumb\"},\"inLanguage\":\"en-US\",\"potentialAction\":[{\"@type\":\"ReadAction\",\"target\":[\"https:\/\/www.astrasn.com\/produit\/tables-tv-blanc-marron\/\"]}]},{\"@type\":\"ImageObject\",\"inLanguage\":\"en-US\",\"@id\":\"https:\/\/www.astrasn.com\/produit\/tables-tv-blanc-marron\/#primaryimage\",\"url\":\"https:\/\/www.astrasn.com\/wp-content\/uploads\/2020\/10\/1_1_59782143.jpg\",\"contentUrl\":\"https:\/\/www.astrasn.com\/wp-content\/uploads\/2020\/10\/1_1_59782143.jpg\",\"width\":750,\"height\":750},{\"@type\":\"BreadcrumbList\",\"@id\":\"https:\/\/www.astrasn.com\/produit\/tables-tv-blanc-marron\/#breadcrumb\",\"itemListElement\":[{\"@type\":\"ListItem\",\"position\":1,\"name\":\"Accueil\",\"item\":\"https:\/\/www.astrasn.com\/\"},{\"@type\":\"ListItem\",\"position\":2,\"name\":\"Boutique\",\"item\":\"https:\/\/www.astrasn.com\/boutique\/\"},{\"@type\":\"ListItem\",\"position\":3,\"name\":\"Tables TV Blanc Marron\"}]},{\"@type\":\"WebSite\",\"@id\":\"https:\/\/www.astrasn.com\/#website\",\"url\":\"https:\/\/www.astrasn.com\/\",\"name\":\"Astra\",\"description\":\"\",\"publisher\":{\"@id\":\"https:\/\/www.astrasn.com\/#organization\"},\"potentialAction\":[{\"@type\":\"SearchAction\",\"target\":{\"@type\":\"EntryPoint\",\"urlTemplate\":\"https:\/\/www.astrasn.com\/?s={search_term_string}\"},\"query-input\":{\"@type\":\"PropertyValueSpecification\",\"valueRequired\":true,\"valueName\":\"search_term_string\"}}],\"inLanguage\":\"en-US\"},{\"@type\":\"Organization\",\"@id\":\"https:\/\/www.astrasn.com\/#organization\",\"name\":\"Astra S\u00e9n\u00e9gal\",\"url\":\"https:\/\/www.astrasn.com\/\",\"logo\":{\"@type\":\"ImageObject\",\"inLanguage\":\"en-US\",\"@id\":\"https:\/\/www.astrasn.com\/#\/schema\/logo\/image\/\",\"url\":\"https:\/\/www.astrasn.com\/wp-content\/uploads\/2022\/02\/logo.png\",\"contentUrl\":\"https:\/\/www.astrasn.com\/wp-content\/uploads\/2022\/02\/logo.png\",\"width\":575,\"height\":400,\"caption\":\"Astra S\u00e9n\u00e9gal\"},\"image\":{\"@id\":\"https:\/\/www.astrasn.com\/#\/schema\/logo\/image\/\"},\"sameAs\":[\"https:\/\/www.facebook.com\/astrasenegal\",\"https:\/\/www.instagram.com\/astrasenegal\/\",\"https:\/\/www.youtube.com\/channel\/UC58lUdK8NcS6ADpXlmEQpHA\/\"]}]}<\/script>\n<!-- \/ Yoast SEO plugin. -->","yoast_head_json":{"title":"Acheter Tables TV Blanc Marron pas cher - Astra - S\u00e9n\u00e9gal","description":"Table T\u00e9l\u00e9vision bois Disponible sur commande. Blanc marron. Dimension : 120 x 35 x 35cm. Acheter meuble pas cher dakar s\u00e9n\u00e9gal","robots":{"index":"index","follow":"follow","max-snippet":"max-snippet:-1","max-image-preview":"max-image-preview:large","max-video-preview":"max-video-preview:-1"},"canonical":"https:\/\/www.astrasn.com\/en\/product\/tables-tv-blanc-marron\/","og_locale":"en_US","og_type":"article","og_title":"Acheter Tables TV Blanc Marron pas cher - Astra - S\u00e9n\u00e9gal","og_description":"Table T\u00e9l\u00e9vision bois Disponible sur commande. Blanc marron. Dimension : 120 x 35 x 35cm. Acheter meuble pas cher dakar s\u00e9n\u00e9gal","og_url":"https:\/\/www.astrasn.com\/en\/product\/tables-tv-blanc-marron\/","og_site_name":"Astra","article_publisher":"https:\/\/www.facebook.com\/astrasenegal","article_modified_time":"2021-01-28T16:43:44+00:00","og_image":[{"width":750,"height":750,"url":"https:\/\/www.astrasn.com\/wp-content\/uploads\/2020\/10\/1_1_59782143.jpg","type":"image\/jpeg"}],"twitter_card":"summary_large_image","schema":{"@context":"https:\/\/schema.org","@graph":[{"@type":"WebPage","@id":"https:\/\/www.astrasn.com\/produit\/tables-tv-blanc-marron\/","url":"https:\/\/www.astrasn.com\/produit\/tables-tv-blanc-marron\/","name":"Acheter Tables TV Blanc Marron pas cher - Astra - S\u00e9n\u00e9gal","isPartOf":{"@id":"https:\/\/www.astrasn.com\/#website"},"primaryImageOfPage":{"@id":"https:\/\/www.astrasn.com\/produit\/tables-tv-blanc-marron\/#primaryimage"},"image":{"@id":"https:\/\/www.astrasn.com\/produit\/tables-tv-blanc-marron\/#primaryimage"},"thumbnailUrl":"https:\/\/www.astrasn.com\/wp-content\/uploads\/2020\/10\/1_1_59782143.jpg","datePublished":"2020-11-23T13:45:17+00:00","dateModified":"2021-01-28T16:43:44+00:00","description":"Table T\u00e9l\u00e9vision bois Disponible sur commande. Blanc marron. Dimension : 120 x 35 x 35cm. Acheter meuble pas cher dakar s\u00e9n\u00e9gal","breadcrumb":{"@id":"https:\/\/www.astrasn.com\/produit\/tables-tv-blanc-marron\/#breadcrumb"},"inLanguage":"en-US","potentialAction":[{"@type":"ReadAction","target":["https:\/\/www.astrasn.com\/produit\/tables-tv-blanc-marron\/"]}]},{"@type":"ImageObject","inLanguage":"en-US","@id":"https:\/\/www.astrasn.com\/produit\/tables-tv-blanc-marron\/#primaryimage","url":"https:\/\/www.astrasn.com\/wp-content\/uploads\/2020\/10\/1_1_59782143.jpg","contentUrl":"https:\/\/www.astrasn.com\/wp-content\/uploads\/2020\/10\/1_1_59782143.jpg","width":750,"height":750},{"@type":"BreadcrumbList","@id":"https:\/\/www.astrasn.com\/produit\/tables-tv-blanc-marron\/#breadcrumb","itemListElement":[{"@type":"ListItem","position":1,"name":"Accueil","item":"https:\/\/www.astrasn.com\/"},{"@type":"ListItem","position":2,"name":"Boutique","item":"https:\/\/www.astrasn.com\/boutique\/"},{"@type":"ListItem","position":3,"name":"Tables TV Blanc Marron"}]},{"@type":"WebSite","@id":"https:\/\/www.astrasn.com\/#website","url":"https:\/\/www.astrasn.com\/","name":"Astra","description":"","publisher":{"@id":"https:\/\/www.astrasn.com\/#organization"},"potentialAction":[{"@type":"SearchAction","target":{"@type":"EntryPoint","urlTemplate":"https:\/\/www.astrasn.com\/?s={search_term_string}"},"query-input":{"@type":"PropertyValueSpecification","valueRequired":true,"valueName":"search_term_string"}}],"inLanguage":"en-US"},{"@type":"Organization","@id":"https:\/\/www.astrasn.com\/#organization","name":"Astra S\u00e9n\u00e9gal","url":"https:\/\/www.astrasn.com\/","logo":{"@type":"ImageObject","inLanguage":"en-US","@id":"https:\/\/www.astrasn.com\/#\/schema\/logo\/image\/","url":"https:\/\/www.astrasn.com\/wp-content\/uploads\/2022\/02\/logo.png","contentUrl":"https:\/\/www.astrasn.com\/wp-content\/uploads\/2022\/02\/logo.png","width":575,"height":400,"caption":"Astra S\u00e9n\u00e9gal"},"image":{"@id":"https:\/\/www.astrasn.com\/#\/schema\/logo\/image\/"},"sameAs":["https:\/\/www.facebook.com\/astrasenegal","https:\/\/www.instagram.com\/astrasenegal\/","https:\/\/www.youtube.com\/channel\/UC58lUdK8NcS6ADpXlmEQpHA\/"]}]}},"_links":{"self":[{"href":"https:\/\/www.astrasn.com\/en\/wp-json\/wp\/v2\/product\/14213","targetHints":{"allow":["GET"]}}],"collection":[{"href":"https:\/\/www.astrasn.com\/en\/wp-json\/wp\/v2\/product"}],"about":[{"href":"https:\/\/www.astrasn.com\/en\/wp-json\/wp\/v2\/types\/product"}],"replies":[{"embeddable":true,"href":"https:\/\/www.astrasn.com\/en\/wp-json\/wp\/v2\/comments?post=14213"}],"wp:featuredmedia":[{"embeddable":true,"href":"https:\/\/www.astrasn.com\/en\/wp-json\/wp\/v2\/media\/14112"}],"wp:attachment":[{"href":"https:\/\/www.astrasn.com\/en\/wp-json\/wp\/v2\/media?parent=14213"}],"wp:term":[{"taxonomy":"product_brand","embeddable":true,"href":"https:\/\/www.astrasn.com\/en\/wp-json\/wp\/v2\/product_brand?post=14213"},{"taxonomy":"product_cat","embeddable":true,"href":"https:\/\/www.astrasn.com\/en\/wp-json\/wp\/v2\/product_cat?post=14213"},{"taxonomy":"product_tag","embeddable":true,"href":"https:\/\/www.astrasn.com\/en\/wp-json\/wp\/v2\/product_tag?post=14213"}],"curies":[{"name":"wp","href":"https:\/\/api.w.org\/{rel}","templated":true}]}}