{"id":14822,"date":"2020-11-06T13:25:09","date_gmt":"2020-11-06T13:25:09","guid":{"rendered":"http:\/\/astrasn.com\/?post_type=product&#038;p=14822"},"modified":"2022-06-10T16:02:14","modified_gmt":"2022-06-10T16:02:14","slug":"salon-meridien-couleur-marron-neuf9-places-made-in-senegal","status":"publish","type":"product","link":"https:\/\/www.astrasn.com\/en\/product\/salon-meridien-couleur-marron-neuf9-places-made-in-senegal\/","title":{"rendered":"Salon M\u00e9ridien Couleur Marron Neuf(9) Places Made In S\u00e9n\u00e9gal"},"content":{"rendered":"<p>Renforcez l&rsquo;\u00e9l\u00e9gance de votre salon gr\u00e2ce \u00e0 notre choix de m\u00e9ridienne en tissu con\u00e7ue au S\u00e9n\u00e9gal. Confortable et durable, elles sont propices aux moments de relaxation et de d\u00e9tente.<\/p>\n<p>Disponible sous commande<\/p>\n<p>D\u00e9lais de livraison : Deux Semaines apr\u00e8s Commande<\/p>","protected":false},"excerpt":{"rendered":"<p>Renforcez l&rsquo;\u00e9l\u00e9gance de votre salon gr\u00e2ce \u00e0 notre choix de m\u00e9ridienne en tissu con\u00e7ue au S\u00e9n\u00e9gal. Confortable et durable, elles\u2026<\/p>","protected":false},"featured_media":14775,"comment_status":"open","ping_status":"closed","template":"","meta":[],"product_brand":[],"product_cat":[25],"product_tag":[],"class_list":{"0":"post-14822","1":"product","2":"type-product","3":"status-publish","4":"has-post-thumbnail","6":"product_cat-salon","8":"first","9":"instock","10":"shipping-taxable","11":"purchasable","12":"product-type-simple"},"yoast_head":"<!-- This site is optimized with the Yoast SEO plugin v27.2 - https:\/\/yoast.com\/product\/yoast-seo-wordpress\/ -->\n<title>Acheter Salon M\u00e9ridien Couleur Marron Neuf(9) Places Made In S\u00e9n\u00e9gal au meilleur prix. - Astra - Dakar, S\u00e9n\u00e9gal<\/title>\n<meta name=\"description\" content=\"Astra - Acheter Salon M\u00e9ridien Couleur Marron Neuf(9) Places Made In S\u00e9n\u00e9gal au meilleur prix, Dakar, S\u00e9n\u00e9gal \u2192 D\u00e9couvrez nos meubles, chaises, bureaux, chambres a coucher, rangements...\" \/>\n<meta name=\"robots\" content=\"index, follow, max-snippet:-1, max-image-preview:large, max-video-preview:-1\" \/>\n<link rel=\"canonical\" href=\"https:\/\/www.astrasn.com\/en\/product\/salon-meridien-couleur-marron-neuf9-places-made-in-senegal\/\" \/>\n<meta property=\"og:locale\" content=\"en_US\" \/>\n<meta property=\"og:type\" content=\"article\" \/>\n<meta property=\"og:title\" content=\"Acheter Salon M\u00e9ridien Couleur Marron Neuf(9) Places Made In S\u00e9n\u00e9gal au meilleur prix. - Astra - Dakar, S\u00e9n\u00e9gal\" \/>\n<meta property=\"og:description\" content=\"Astra - Acheter Salon M\u00e9ridien Couleur Marron Neuf(9) Places Made In S\u00e9n\u00e9gal au meilleur prix, Dakar, S\u00e9n\u00e9gal \u2192 D\u00e9couvrez nos meubles, chaises, bureaux, chambres a coucher, rangements...\" \/>\n<meta property=\"og:url\" content=\"https:\/\/www.astrasn.com\/en\/product\/salon-meridien-couleur-marron-neuf9-places-made-in-senegal\/\" \/>\n<meta property=\"og:site_name\" content=\"Astra\" \/>\n<meta property=\"article:publisher\" content=\"https:\/\/www.facebook.com\/astrasenegal\" \/>\n<meta property=\"article:modified_time\" content=\"2022-06-10T16:02:14+00:00\" \/>\n<meta property=\"og:image\" content=\"https:\/\/www.astrasn.com\/wp-content\/uploads\/2020\/11\/FB_IMG_1594201320565.jpg\" \/>\n\t<meta property=\"og:image:width\" content=\"712\" \/>\n\t<meta property=\"og:image:height\" content=\"534\" \/>\n\t<meta property=\"og:image:type\" content=\"image\/jpeg\" \/>\n<meta name=\"twitter:card\" content=\"summary_large_image\" \/>\n<script type=\"application\/ld+json\" class=\"yoast-schema-graph\">{\"@context\":\"https:\/\/schema.org\",\"@graph\":[{\"@type\":\"WebPage\",\"@id\":\"https:\/\/www.astrasn.com\/produit\/salon-meridien-couleur-marron-neuf9-places-made-in-senegal\/\",\"url\":\"https:\/\/www.astrasn.com\/produit\/salon-meridien-couleur-marron-neuf9-places-made-in-senegal\/\",\"name\":\"Acheter Salon M\u00e9ridien Couleur Marron Neuf(9) Places Made In S\u00e9n\u00e9gal au meilleur prix. - Astra - Dakar, S\u00e9n\u00e9gal\",\"isPartOf\":{\"@id\":\"https:\/\/www.astrasn.com\/#website\"},\"primaryImageOfPage\":{\"@id\":\"https:\/\/www.astrasn.com\/produit\/salon-meridien-couleur-marron-neuf9-places-made-in-senegal\/#primaryimage\"},\"image\":{\"@id\":\"https:\/\/www.astrasn.com\/produit\/salon-meridien-couleur-marron-neuf9-places-made-in-senegal\/#primaryimage\"},\"thumbnailUrl\":\"https:\/\/www.astrasn.com\/wp-content\/uploads\/2020\/11\/FB_IMG_1594201320565.jpg\",\"datePublished\":\"2020-11-06T13:25:09+00:00\",\"dateModified\":\"2022-06-10T16:02:14+00:00\",\"description\":\"Astra - Acheter Salon M\u00e9ridien Couleur Marron Neuf(9) Places Made In S\u00e9n\u00e9gal au meilleur prix, Dakar, S\u00e9n\u00e9gal \u2192 D\u00e9couvrez nos meubles, chaises, bureaux, chambres a coucher, rangements...\",\"breadcrumb\":{\"@id\":\"https:\/\/www.astrasn.com\/produit\/salon-meridien-couleur-marron-neuf9-places-made-in-senegal\/#breadcrumb\"},\"inLanguage\":\"en-US\",\"potentialAction\":[{\"@type\":\"ReadAction\",\"target\":[\"https:\/\/www.astrasn.com\/produit\/salon-meridien-couleur-marron-neuf9-places-made-in-senegal\/\"]}]},{\"@type\":\"ImageObject\",\"inLanguage\":\"en-US\",\"@id\":\"https:\/\/www.astrasn.com\/produit\/salon-meridien-couleur-marron-neuf9-places-made-in-senegal\/#primaryimage\",\"url\":\"https:\/\/www.astrasn.com\/wp-content\/uploads\/2020\/11\/FB_IMG_1594201320565.jpg\",\"contentUrl\":\"https:\/\/www.astrasn.com\/wp-content\/uploads\/2020\/11\/FB_IMG_1594201320565.jpg\",\"width\":712,\"height\":534},{\"@type\":\"BreadcrumbList\",\"@id\":\"https:\/\/www.astrasn.com\/produit\/salon-meridien-couleur-marron-neuf9-places-made-in-senegal\/#breadcrumb\",\"itemListElement\":[{\"@type\":\"ListItem\",\"position\":1,\"name\":\"Accueil\",\"item\":\"https:\/\/www.astrasn.com\/\"},{\"@type\":\"ListItem\",\"position\":2,\"name\":\"Boutique\",\"item\":\"https:\/\/www.astrasn.com\/boutique\/\"},{\"@type\":\"ListItem\",\"position\":3,\"name\":\"Salon M\u00e9ridien Couleur Marron Neuf(9) Places Made In S\u00e9n\u00e9gal\"}]},{\"@type\":\"WebSite\",\"@id\":\"https:\/\/www.astrasn.com\/#website\",\"url\":\"https:\/\/www.astrasn.com\/\",\"name\":\"Astra\",\"description\":\"\",\"publisher\":{\"@id\":\"https:\/\/www.astrasn.com\/#organization\"},\"potentialAction\":[{\"@type\":\"SearchAction\",\"target\":{\"@type\":\"EntryPoint\",\"urlTemplate\":\"https:\/\/www.astrasn.com\/?s={search_term_string}\"},\"query-input\":{\"@type\":\"PropertyValueSpecification\",\"valueRequired\":true,\"valueName\":\"search_term_string\"}}],\"inLanguage\":\"en-US\"},{\"@type\":\"Organization\",\"@id\":\"https:\/\/www.astrasn.com\/#organization\",\"name\":\"Astra S\u00e9n\u00e9gal\",\"url\":\"https:\/\/www.astrasn.com\/\",\"logo\":{\"@type\":\"ImageObject\",\"inLanguage\":\"en-US\",\"@id\":\"https:\/\/www.astrasn.com\/#\/schema\/logo\/image\/\",\"url\":\"https:\/\/www.astrasn.com\/wp-content\/uploads\/2022\/02\/logo.png\",\"contentUrl\":\"https:\/\/www.astrasn.com\/wp-content\/uploads\/2022\/02\/logo.png\",\"width\":575,\"height\":400,\"caption\":\"Astra S\u00e9n\u00e9gal\"},\"image\":{\"@id\":\"https:\/\/www.astrasn.com\/#\/schema\/logo\/image\/\"},\"sameAs\":[\"https:\/\/www.facebook.com\/astrasenegal\",\"https:\/\/www.instagram.com\/astrasenegal\/\",\"https:\/\/www.youtube.com\/channel\/UC58lUdK8NcS6ADpXlmEQpHA\/\"]}]}<\/script>\n<!-- \/ Yoast SEO plugin. -->","yoast_head_json":{"title":"Acheter Salon M\u00e9ridien Couleur Marron Neuf(9) Places Made In S\u00e9n\u00e9gal au meilleur prix. - Astra - Dakar, S\u00e9n\u00e9gal","description":"Astra - Acheter Salon M\u00e9ridien Couleur Marron Neuf(9) Places Made In S\u00e9n\u00e9gal au meilleur prix, Dakar, S\u00e9n\u00e9gal \u2192 D\u00e9couvrez nos meubles, chaises, bureaux, chambres a coucher, rangements...","robots":{"index":"index","follow":"follow","max-snippet":"max-snippet:-1","max-image-preview":"max-image-preview:large","max-video-preview":"max-video-preview:-1"},"canonical":"https:\/\/www.astrasn.com\/en\/product\/salon-meridien-couleur-marron-neuf9-places-made-in-senegal\/","og_locale":"en_US","og_type":"article","og_title":"Acheter Salon M\u00e9ridien Couleur Marron Neuf(9) Places Made In S\u00e9n\u00e9gal au meilleur prix. - Astra - Dakar, S\u00e9n\u00e9gal","og_description":"Astra - Acheter Salon M\u00e9ridien Couleur Marron Neuf(9) Places Made In S\u00e9n\u00e9gal au meilleur prix, Dakar, S\u00e9n\u00e9gal \u2192 D\u00e9couvrez nos meubles, chaises, bureaux, chambres a coucher, rangements...","og_url":"https:\/\/www.astrasn.com\/en\/product\/salon-meridien-couleur-marron-neuf9-places-made-in-senegal\/","og_site_name":"Astra","article_publisher":"https:\/\/www.facebook.com\/astrasenegal","article_modified_time":"2022-06-10T16:02:14+00:00","og_image":[{"width":712,"height":534,"url":"https:\/\/www.astrasn.com\/wp-content\/uploads\/2020\/11\/FB_IMG_1594201320565.jpg","type":"image\/jpeg"}],"twitter_card":"summary_large_image","schema":{"@context":"https:\/\/schema.org","@graph":[{"@type":"WebPage","@id":"https:\/\/www.astrasn.com\/produit\/salon-meridien-couleur-marron-neuf9-places-made-in-senegal\/","url":"https:\/\/www.astrasn.com\/produit\/salon-meridien-couleur-marron-neuf9-places-made-in-senegal\/","name":"Acheter Salon M\u00e9ridien Couleur Marron Neuf(9) Places Made In S\u00e9n\u00e9gal au meilleur prix. - Astra - Dakar, S\u00e9n\u00e9gal","isPartOf":{"@id":"https:\/\/www.astrasn.com\/#website"},"primaryImageOfPage":{"@id":"https:\/\/www.astrasn.com\/produit\/salon-meridien-couleur-marron-neuf9-places-made-in-senegal\/#primaryimage"},"image":{"@id":"https:\/\/www.astrasn.com\/produit\/salon-meridien-couleur-marron-neuf9-places-made-in-senegal\/#primaryimage"},"thumbnailUrl":"https:\/\/www.astrasn.com\/wp-content\/uploads\/2020\/11\/FB_IMG_1594201320565.jpg","datePublished":"2020-11-06T13:25:09+00:00","dateModified":"2022-06-10T16:02:14+00:00","description":"Astra - Acheter Salon M\u00e9ridien Couleur Marron Neuf(9) Places Made In S\u00e9n\u00e9gal au meilleur prix, Dakar, S\u00e9n\u00e9gal \u2192 D\u00e9couvrez nos meubles, chaises, bureaux, chambres a coucher, rangements...","breadcrumb":{"@id":"https:\/\/www.astrasn.com\/produit\/salon-meridien-couleur-marron-neuf9-places-made-in-senegal\/#breadcrumb"},"inLanguage":"en-US","potentialAction":[{"@type":"ReadAction","target":["https:\/\/www.astrasn.com\/produit\/salon-meridien-couleur-marron-neuf9-places-made-in-senegal\/"]}]},{"@type":"ImageObject","inLanguage":"en-US","@id":"https:\/\/www.astrasn.com\/produit\/salon-meridien-couleur-marron-neuf9-places-made-in-senegal\/#primaryimage","url":"https:\/\/www.astrasn.com\/wp-content\/uploads\/2020\/11\/FB_IMG_1594201320565.jpg","contentUrl":"https:\/\/www.astrasn.com\/wp-content\/uploads\/2020\/11\/FB_IMG_1594201320565.jpg","width":712,"height":534},{"@type":"BreadcrumbList","@id":"https:\/\/www.astrasn.com\/produit\/salon-meridien-couleur-marron-neuf9-places-made-in-senegal\/#breadcrumb","itemListElement":[{"@type":"ListItem","position":1,"name":"Accueil","item":"https:\/\/www.astrasn.com\/"},{"@type":"ListItem","position":2,"name":"Boutique","item":"https:\/\/www.astrasn.com\/boutique\/"},{"@type":"ListItem","position":3,"name":"Salon M\u00e9ridien Couleur Marron Neuf(9) Places Made In S\u00e9n\u00e9gal"}]},{"@type":"WebSite","@id":"https:\/\/www.astrasn.com\/#website","url":"https:\/\/www.astrasn.com\/","name":"Astra","description":"","publisher":{"@id":"https:\/\/www.astrasn.com\/#organization"},"potentialAction":[{"@type":"SearchAction","target":{"@type":"EntryPoint","urlTemplate":"https:\/\/www.astrasn.com\/?s={search_term_string}"},"query-input":{"@type":"PropertyValueSpecification","valueRequired":true,"valueName":"search_term_string"}}],"inLanguage":"en-US"},{"@type":"Organization","@id":"https:\/\/www.astrasn.com\/#organization","name":"Astra S\u00e9n\u00e9gal","url":"https:\/\/www.astrasn.com\/","logo":{"@type":"ImageObject","inLanguage":"en-US","@id":"https:\/\/www.astrasn.com\/#\/schema\/logo\/image\/","url":"https:\/\/www.astrasn.com\/wp-content\/uploads\/2022\/02\/logo.png","contentUrl":"https:\/\/www.astrasn.com\/wp-content\/uploads\/2022\/02\/logo.png","width":575,"height":400,"caption":"Astra S\u00e9n\u00e9gal"},"image":{"@id":"https:\/\/www.astrasn.com\/#\/schema\/logo\/image\/"},"sameAs":["https:\/\/www.facebook.com\/astrasenegal","https:\/\/www.instagram.com\/astrasenegal\/","https:\/\/www.youtube.com\/channel\/UC58lUdK8NcS6ADpXlmEQpHA\/"]}]}},"_links":{"self":[{"href":"https:\/\/www.astrasn.com\/en\/wp-json\/wp\/v2\/product\/14822","targetHints":{"allow":["GET"]}}],"collection":[{"href":"https:\/\/www.astrasn.com\/en\/wp-json\/wp\/v2\/product"}],"about":[{"href":"https:\/\/www.astrasn.com\/en\/wp-json\/wp\/v2\/types\/product"}],"replies":[{"embeddable":true,"href":"https:\/\/www.astrasn.com\/en\/wp-json\/wp\/v2\/comments?post=14822"}],"wp:featuredmedia":[{"embeddable":true,"href":"https:\/\/www.astrasn.com\/en\/wp-json\/wp\/v2\/media\/14775"}],"wp:attachment":[{"href":"https:\/\/www.astrasn.com\/en\/wp-json\/wp\/v2\/media?parent=14822"}],"wp:term":[{"taxonomy":"product_brand","embeddable":true,"href":"https:\/\/www.astrasn.com\/en\/wp-json\/wp\/v2\/product_brand?post=14822"},{"taxonomy":"product_cat","embeddable":true,"href":"https:\/\/www.astrasn.com\/en\/wp-json\/wp\/v2\/product_cat?post=14822"},{"taxonomy":"product_tag","embeddable":true,"href":"https:\/\/www.astrasn.com\/en\/wp-json\/wp\/v2\/product_tag?post=14822"}],"curies":[{"name":"wp","href":"https:\/\/api.w.org\/{rel}","templated":true}]}}