{"id":16874,"date":"2021-08-25T23:07:34","date_gmt":"2021-08-25T23:07:34","guid":{"rendered":"https:\/\/www.astrasn.com\/?post_type=product&#038;p=16874"},"modified":"2022-05-31T13:02:56","modified_gmt":"2022-05-31T13:02:56","slug":"meuble-de-cuisine-en-melamine-design-modulaire-moderne","status":"publish","type":"product","link":"https:\/\/www.astrasn.com\/en\/product\/meuble-de-cuisine-en-melamine-design-modulaire-moderne\/","title":{"rendered":"Meuble de cuisine en me\u0301lamine, design modulaire moderne"},"content":{"rendered":"<p id=\"de52\" class=\"pw-post-body-paragraph jq jr ii js b jt ju jv jw jx jy jz ka kb kc kd ke kf kg kh ki kj kk kl km kn ib gj\" data-selectable-paragraph=\"\"><span>Simple, sans \u00eatre ennuyeuse, cette cuisine utilise des caract\u00e9ristiques subtiles pour avoir un grand impact.\u00a0Avec des surprises int\u00e9gr\u00e9es dans chaque recoin, une visite rapide de l&rsquo;espace vous permettra d&rsquo;en d\u00e9couvrir de plus en plus, comme un casier \u00e0 vin int\u00e9gr\u00e9 et un espace de rangement encastr\u00e9.<\/span><\/p>\n<p id=\"b32e\" class=\"pw-post-body-paragraph jq jr ii js b jt ju jv jw jx jy jz ka kb kc kd ke kf kg kh ki kj kk kl km kn ib gj\" data-selectable-paragraph=\"\"><span>Profitant de l&rsquo;am\u00e9nagement de la cuisine il\u00a0 abrite le lave-vaisselle, le r\u00e9frig\u00e9rateur, l&rsquo;\u00e9vier et le rangement. Comparable \u00e0 un garde-manger ouvert, il permet de diviser entre le chaos et la propret\u00e9 &#8211; sans compromettre l&rsquo;espace.<\/span><\/p>","protected":false},"excerpt":{"rendered":"<p>Simple, sans \u00eatre ennuyeuse, cette cuisine utilise des caract\u00e9ristiques subtiles pour avoir un grand impact.\u00a0Avec des surprises int\u00e9gr\u00e9es dans chaque\u2026<\/p>","protected":false},"featured_media":16879,"comment_status":"open","ping_status":"closed","template":"","meta":[],"product_brand":[],"product_cat":[592,243],"product_tag":[515,258,290,631,271],"class_list":{"0":"post-16874","1":"product","2":"type-product","3":"status-publish","4":"has-post-thumbnail","6":"product_cat-cuisine","7":"product_cat-cuisine-salle-a-manger","8":"product_tag-cuisine","9":"product_tag-design","10":"product_tag-made-in-senegal","11":"product_tag-melamine","12":"product_tag-moderne","14":"first","15":"instock","16":"shipping-taxable","17":"product-type-simple"},"yoast_head":"<!-- This site is optimized with the Yoast SEO plugin v27.2 - https:\/\/yoast.com\/product\/yoast-seo-wordpress\/ -->\n<title>Acheter Meuble de cuisine en me\u0301lamine, design modulaire moderne au meilleur prix. - Astra - Dakar, S\u00e9n\u00e9gal<\/title>\n<meta name=\"description\" content=\"Astra - Acheter Meuble de cuisine en me\u0301lamine, design modulaire moderne au meilleur prix, Dakar, S\u00e9n\u00e9gal \u2192 D\u00e9couvrez nos meubles, chaises, bureaux, chambres a coucher, rangements...\" \/>\n<meta name=\"robots\" content=\"index, follow, max-snippet:-1, max-image-preview:large, max-video-preview:-1\" \/>\n<link rel=\"canonical\" href=\"https:\/\/www.astrasn.com\/en\/product\/meuble-de-cuisine-en-melamine-design-modulaire-moderne\/\" \/>\n<meta property=\"og:locale\" content=\"en_US\" \/>\n<meta property=\"og:type\" content=\"article\" \/>\n<meta property=\"og:title\" content=\"Acheter Meuble de cuisine en me\u0301lamine, design modulaire moderne au meilleur prix. - Astra - Dakar, S\u00e9n\u00e9gal\" \/>\n<meta property=\"og:description\" content=\"Astra - Acheter Meuble de cuisine en me\u0301lamine, design modulaire moderne au meilleur prix, Dakar, S\u00e9n\u00e9gal \u2192 D\u00e9couvrez nos meubles, chaises, bureaux, chambres a coucher, rangements...\" \/>\n<meta property=\"og:url\" content=\"https:\/\/www.astrasn.com\/en\/product\/meuble-de-cuisine-en-melamine-design-modulaire-moderne\/\" \/>\n<meta property=\"og:site_name\" content=\"Astra\" \/>\n<meta property=\"article:publisher\" content=\"https:\/\/www.facebook.com\/astrasenegal\" \/>\n<meta property=\"article:modified_time\" content=\"2022-05-31T13:02:56+00:00\" \/>\n<meta property=\"og:image\" content=\"https:\/\/www.astrasn.com\/wp-content\/uploads\/2021\/08\/01.jpeg\" \/>\n\t<meta property=\"og:image:width\" content=\"1000\" \/>\n\t<meta property=\"og:image:height\" content=\"1000\" \/>\n\t<meta property=\"og:image:type\" content=\"image\/jpeg\" \/>\n<meta name=\"twitter:card\" content=\"summary_large_image\" \/>\n<meta name=\"twitter:label1\" content=\"Est. reading time\" \/>\n\t<meta name=\"twitter:data1\" content=\"1 minute\" \/>\n<script type=\"application\/ld+json\" class=\"yoast-schema-graph\">{\"@context\":\"https:\/\/schema.org\",\"@graph\":[{\"@type\":\"WebPage\",\"@id\":\"https:\/\/www.astrasn.com\/produit\/meuble-de-cuisine-en-melamine-design-modulaire-moderne\/\",\"url\":\"https:\/\/www.astrasn.com\/produit\/meuble-de-cuisine-en-melamine-design-modulaire-moderne\/\",\"name\":\"Acheter Meuble de cuisine en me\u0301lamine, design modulaire moderne au meilleur prix. - Astra - Dakar, S\u00e9n\u00e9gal\",\"isPartOf\":{\"@id\":\"https:\/\/www.astrasn.com\/#website\"},\"primaryImageOfPage\":{\"@id\":\"https:\/\/www.astrasn.com\/produit\/meuble-de-cuisine-en-melamine-design-modulaire-moderne\/#primaryimage\"},\"image\":{\"@id\":\"https:\/\/www.astrasn.com\/produit\/meuble-de-cuisine-en-melamine-design-modulaire-moderne\/#primaryimage\"},\"thumbnailUrl\":\"https:\/\/www.astrasn.com\/wp-content\/uploads\/2021\/08\/01.jpeg\",\"datePublished\":\"2021-08-25T23:07:34+00:00\",\"dateModified\":\"2022-05-31T13:02:56+00:00\",\"description\":\"Astra - Acheter Meuble de cuisine en me\u0301lamine, design modulaire moderne au meilleur prix, Dakar, S\u00e9n\u00e9gal \u2192 D\u00e9couvrez nos meubles, chaises, bureaux, chambres a coucher, rangements...\",\"breadcrumb\":{\"@id\":\"https:\/\/www.astrasn.com\/produit\/meuble-de-cuisine-en-melamine-design-modulaire-moderne\/#breadcrumb\"},\"inLanguage\":\"en-US\",\"potentialAction\":[{\"@type\":\"ReadAction\",\"target\":[\"https:\/\/www.astrasn.com\/produit\/meuble-de-cuisine-en-melamine-design-modulaire-moderne\/\"]}]},{\"@type\":\"ImageObject\",\"inLanguage\":\"en-US\",\"@id\":\"https:\/\/www.astrasn.com\/produit\/meuble-de-cuisine-en-melamine-design-modulaire-moderne\/#primaryimage\",\"url\":\"https:\/\/www.astrasn.com\/wp-content\/uploads\/2021\/08\/01.jpeg\",\"contentUrl\":\"https:\/\/www.astrasn.com\/wp-content\/uploads\/2021\/08\/01.jpeg\",\"width\":1000,\"height\":1000,\"caption\":\"Acheter Armoire de cuisine en bois Design moderne pas cher Astra - Dakar - S\u00e9n\u00e9gal\"},{\"@type\":\"BreadcrumbList\",\"@id\":\"https:\/\/www.astrasn.com\/produit\/meuble-de-cuisine-en-melamine-design-modulaire-moderne\/#breadcrumb\",\"itemListElement\":[{\"@type\":\"ListItem\",\"position\":1,\"name\":\"Accueil\",\"item\":\"https:\/\/www.astrasn.com\/\"},{\"@type\":\"ListItem\",\"position\":2,\"name\":\"Boutique\",\"item\":\"https:\/\/www.astrasn.com\/boutique\/\"},{\"@type\":\"ListItem\",\"position\":3,\"name\":\"Meuble de cuisine en me\u0301lamine, design modulaire moderne\"}]},{\"@type\":\"WebSite\",\"@id\":\"https:\/\/www.astrasn.com\/#website\",\"url\":\"https:\/\/www.astrasn.com\/\",\"name\":\"Astra\",\"description\":\"\",\"publisher\":{\"@id\":\"https:\/\/www.astrasn.com\/#organization\"},\"potentialAction\":[{\"@type\":\"SearchAction\",\"target\":{\"@type\":\"EntryPoint\",\"urlTemplate\":\"https:\/\/www.astrasn.com\/?s={search_term_string}\"},\"query-input\":{\"@type\":\"PropertyValueSpecification\",\"valueRequired\":true,\"valueName\":\"search_term_string\"}}],\"inLanguage\":\"en-US\"},{\"@type\":\"Organization\",\"@id\":\"https:\/\/www.astrasn.com\/#organization\",\"name\":\"Astra S\u00e9n\u00e9gal\",\"url\":\"https:\/\/www.astrasn.com\/\",\"logo\":{\"@type\":\"ImageObject\",\"inLanguage\":\"en-US\",\"@id\":\"https:\/\/www.astrasn.com\/#\/schema\/logo\/image\/\",\"url\":\"https:\/\/www.astrasn.com\/wp-content\/uploads\/2022\/02\/logo.png\",\"contentUrl\":\"https:\/\/www.astrasn.com\/wp-content\/uploads\/2022\/02\/logo.png\",\"width\":575,\"height\":400,\"caption\":\"Astra S\u00e9n\u00e9gal\"},\"image\":{\"@id\":\"https:\/\/www.astrasn.com\/#\/schema\/logo\/image\/\"},\"sameAs\":[\"https:\/\/www.facebook.com\/astrasenegal\",\"https:\/\/www.instagram.com\/astrasenegal\/\",\"https:\/\/www.youtube.com\/channel\/UC58lUdK8NcS6ADpXlmEQpHA\/\"]}]}<\/script>\n<!-- \/ Yoast SEO plugin. -->","yoast_head_json":{"title":"Acheter Meuble de cuisine en me\u0301lamine, design modulaire moderne au meilleur prix. - Astra - Dakar, S\u00e9n\u00e9gal","description":"Astra - Acheter Meuble de cuisine en me\u0301lamine, design modulaire moderne au meilleur prix, Dakar, S\u00e9n\u00e9gal \u2192 D\u00e9couvrez nos meubles, chaises, bureaux, chambres a coucher, rangements...","robots":{"index":"index","follow":"follow","max-snippet":"max-snippet:-1","max-image-preview":"max-image-preview:large","max-video-preview":"max-video-preview:-1"},"canonical":"https:\/\/www.astrasn.com\/en\/product\/meuble-de-cuisine-en-melamine-design-modulaire-moderne\/","og_locale":"en_US","og_type":"article","og_title":"Acheter Meuble de cuisine en me\u0301lamine, design modulaire moderne au meilleur prix. - Astra - Dakar, S\u00e9n\u00e9gal","og_description":"Astra - Acheter Meuble de cuisine en me\u0301lamine, design modulaire moderne au meilleur prix, Dakar, S\u00e9n\u00e9gal \u2192 D\u00e9couvrez nos meubles, chaises, bureaux, chambres a coucher, rangements...","og_url":"https:\/\/www.astrasn.com\/en\/product\/meuble-de-cuisine-en-melamine-design-modulaire-moderne\/","og_site_name":"Astra","article_publisher":"https:\/\/www.facebook.com\/astrasenegal","article_modified_time":"2022-05-31T13:02:56+00:00","og_image":[{"width":1000,"height":1000,"url":"https:\/\/www.astrasn.com\/wp-content\/uploads\/2021\/08\/01.jpeg","type":"image\/jpeg"}],"twitter_card":"summary_large_image","twitter_misc":{"Est. reading time":"1 minute"},"schema":{"@context":"https:\/\/schema.org","@graph":[{"@type":"WebPage","@id":"https:\/\/www.astrasn.com\/produit\/meuble-de-cuisine-en-melamine-design-modulaire-moderne\/","url":"https:\/\/www.astrasn.com\/produit\/meuble-de-cuisine-en-melamine-design-modulaire-moderne\/","name":"Acheter Meuble de cuisine en me\u0301lamine, design modulaire moderne au meilleur prix. - Astra - Dakar, S\u00e9n\u00e9gal","isPartOf":{"@id":"https:\/\/www.astrasn.com\/#website"},"primaryImageOfPage":{"@id":"https:\/\/www.astrasn.com\/produit\/meuble-de-cuisine-en-melamine-design-modulaire-moderne\/#primaryimage"},"image":{"@id":"https:\/\/www.astrasn.com\/produit\/meuble-de-cuisine-en-melamine-design-modulaire-moderne\/#primaryimage"},"thumbnailUrl":"https:\/\/www.astrasn.com\/wp-content\/uploads\/2021\/08\/01.jpeg","datePublished":"2021-08-25T23:07:34+00:00","dateModified":"2022-05-31T13:02:56+00:00","description":"Astra - Acheter Meuble de cuisine en me\u0301lamine, design modulaire moderne au meilleur prix, Dakar, S\u00e9n\u00e9gal \u2192 D\u00e9couvrez nos meubles, chaises, bureaux, chambres a coucher, rangements...","breadcrumb":{"@id":"https:\/\/www.astrasn.com\/produit\/meuble-de-cuisine-en-melamine-design-modulaire-moderne\/#breadcrumb"},"inLanguage":"en-US","potentialAction":[{"@type":"ReadAction","target":["https:\/\/www.astrasn.com\/produit\/meuble-de-cuisine-en-melamine-design-modulaire-moderne\/"]}]},{"@type":"ImageObject","inLanguage":"en-US","@id":"https:\/\/www.astrasn.com\/produit\/meuble-de-cuisine-en-melamine-design-modulaire-moderne\/#primaryimage","url":"https:\/\/www.astrasn.com\/wp-content\/uploads\/2021\/08\/01.jpeg","contentUrl":"https:\/\/www.astrasn.com\/wp-content\/uploads\/2021\/08\/01.jpeg","width":1000,"height":1000,"caption":"Acheter Armoire de cuisine en bois Design moderne pas cher Astra - Dakar - S\u00e9n\u00e9gal"},{"@type":"BreadcrumbList","@id":"https:\/\/www.astrasn.com\/produit\/meuble-de-cuisine-en-melamine-design-modulaire-moderne\/#breadcrumb","itemListElement":[{"@type":"ListItem","position":1,"name":"Accueil","item":"https:\/\/www.astrasn.com\/"},{"@type":"ListItem","position":2,"name":"Boutique","item":"https:\/\/www.astrasn.com\/boutique\/"},{"@type":"ListItem","position":3,"name":"Meuble de cuisine en me\u0301lamine, design modulaire moderne"}]},{"@type":"WebSite","@id":"https:\/\/www.astrasn.com\/#website","url":"https:\/\/www.astrasn.com\/","name":"Astra","description":"","publisher":{"@id":"https:\/\/www.astrasn.com\/#organization"},"potentialAction":[{"@type":"SearchAction","target":{"@type":"EntryPoint","urlTemplate":"https:\/\/www.astrasn.com\/?s={search_term_string}"},"query-input":{"@type":"PropertyValueSpecification","valueRequired":true,"valueName":"search_term_string"}}],"inLanguage":"en-US"},{"@type":"Organization","@id":"https:\/\/www.astrasn.com\/#organization","name":"Astra S\u00e9n\u00e9gal","url":"https:\/\/www.astrasn.com\/","logo":{"@type":"ImageObject","inLanguage":"en-US","@id":"https:\/\/www.astrasn.com\/#\/schema\/logo\/image\/","url":"https:\/\/www.astrasn.com\/wp-content\/uploads\/2022\/02\/logo.png","contentUrl":"https:\/\/www.astrasn.com\/wp-content\/uploads\/2022\/02\/logo.png","width":575,"height":400,"caption":"Astra S\u00e9n\u00e9gal"},"image":{"@id":"https:\/\/www.astrasn.com\/#\/schema\/logo\/image\/"},"sameAs":["https:\/\/www.facebook.com\/astrasenegal","https:\/\/www.instagram.com\/astrasenegal\/","https:\/\/www.youtube.com\/channel\/UC58lUdK8NcS6ADpXlmEQpHA\/"]}]}},"_links":{"self":[{"href":"https:\/\/www.astrasn.com\/en\/wp-json\/wp\/v2\/product\/16874","targetHints":{"allow":["GET"]}}],"collection":[{"href":"https:\/\/www.astrasn.com\/en\/wp-json\/wp\/v2\/product"}],"about":[{"href":"https:\/\/www.astrasn.com\/en\/wp-json\/wp\/v2\/types\/product"}],"replies":[{"embeddable":true,"href":"https:\/\/www.astrasn.com\/en\/wp-json\/wp\/v2\/comments?post=16874"}],"wp:featuredmedia":[{"embeddable":true,"href":"https:\/\/www.astrasn.com\/en\/wp-json\/wp\/v2\/media\/16879"}],"wp:attachment":[{"href":"https:\/\/www.astrasn.com\/en\/wp-json\/wp\/v2\/media?parent=16874"}],"wp:term":[{"taxonomy":"product_brand","embeddable":true,"href":"https:\/\/www.astrasn.com\/en\/wp-json\/wp\/v2\/product_brand?post=16874"},{"taxonomy":"product_cat","embeddable":true,"href":"https:\/\/www.astrasn.com\/en\/wp-json\/wp\/v2\/product_cat?post=16874"},{"taxonomy":"product_tag","embeddable":true,"href":"https:\/\/www.astrasn.com\/en\/wp-json\/wp\/v2\/product_tag?post=16874"}],"curies":[{"name":"wp","href":"https:\/\/api.w.org\/{rel}","templated":true}]}}