{"id":18272,"date":"2022-10-04T10:12:49","date_gmt":"2022-10-04T10:12:49","guid":{"rendered":"https:\/\/www.astrasn.com\/?post_type=product&#038;p=18272"},"modified":"2022-10-10T15:37:22","modified_gmt":"2022-10-10T15:37:22","slug":"ensemble-table-a-manger-et-console","status":"publish","type":"product","link":"https:\/\/www.astrasn.com\/en\/product\/ensemble-table-a-manger-et-console\/","title":{"rendered":"Ensemble Salle \u00e0 manger et console"},"content":{"rendered":"<p>L&rsquo;ensemble de cette salle \u00e0 manger se compose d&rsquo;une console + table \u00e0 manger (extensible) + 6 chaises\u00a0\u00a0.<\/p>\n<p>* Le miroir de la console et l&rsquo;unit\u00e9 TV sont en option.<\/p>\n<p align=\"left\"><span style=\"font-family: Tahoma;\"><span style=\"font-size: small;\"><b>Couleur du produit: <\/b><\/span><\/span>Blanc \/ Gris<\/p>\n<table border=\"0\" width=\"746\" cellspacing=\"0\" cellpadding=\"0\">\n<tbody>\n<tr>\n<td bgcolor=\"#ffffff\" width=\"746\" height=\"33\">\n<h3><span style=\"font-family: Tahoma;\"><span style=\"font-size: small;\"><b>Sp\u00e9cifications techniques du produit<\/b><\/span><\/span><\/h3>\n<\/td>\n<\/tr>\n<tr>\n<td bgcolor=\"#ffffff\" width=\"746\" height=\"33\">* Notre produit est 100% MDF<\/p>\n<p>* Panneau de particules enduit de m\u00e9lamine imperm\u00e9able et r\u00e9sistant aux rayures<\/p>\n<p>* L&rsquo;ensemble de salle \u00e0 manger peut \u00eatre achet\u00e9 en ensemble ou en pi\u00e8ce.<\/p>\n<p>*\u00a0\u00a0Nos produits sont emball\u00e9s enti\u00e8rement ou semi-assembl\u00e9s.<\/p>\n<p><span style=\"font-family: Tahoma;\"><span style=\"font-size: small;\">* Les forfaits comprennent les mat\u00e9riaux de montage en sac et le manuel d&rsquo;assemblage.<\/span><\/span><span style=\"font-family: Tahoma;\"><span style=\"font-size: small;\">* Dans tout retard \u00e9ventuel, l&rsquo;acheteur est imm\u00e9diatement inform\u00e9.<\/span><\/span><\/p>\n<p>&nbsp;<\/td>\n<\/tr>\n<\/tbody>\n<\/table>\n<p>&nbsp;<\/p>\n<p>&nbsp;<\/p>\n<p>&nbsp;<\/p>","protected":false},"excerpt":{"rendered":"<p>L&rsquo;ensemble de cette salle \u00e0 manger se compose d&rsquo;une console + table \u00e0 manger (extensible) + 6 chaises\u00a0\u00a0. * Le\u2026<\/p>","protected":false},"featured_media":18273,"comment_status":"open","ping_status":"closed","template":"","meta":[],"product_brand":[],"product_cat":[243],"product_tag":[],"class_list":{"0":"post-18272","1":"product","2":"type-product","3":"status-publish","4":"has-post-thumbnail","6":"product_cat-cuisine-salle-a-manger","8":"first","9":"instock","10":"shipping-taxable","11":"purchasable","12":"product-type-simple"},"yoast_head":"<!-- This site is optimized with the Yoast SEO plugin v27.2 - https:\/\/yoast.com\/product\/yoast-seo-wordpress\/ -->\n<title>Acheter Ensemble Salle \u00e0 manger et console au meilleur prix. - Astra - Dakar, S\u00e9n\u00e9gal<\/title>\n<meta name=\"description\" content=\"Astra - Acheter Ensemble Salle \u00e0 manger et console au meilleur prix, Dakar, S\u00e9n\u00e9gal \u2192 D\u00e9couvrez nos meubles, chaises, bureaux, chambres a coucher, rangements...\" \/>\n<meta name=\"robots\" content=\"index, follow, max-snippet:-1, max-image-preview:large, max-video-preview:-1\" \/>\n<link rel=\"canonical\" href=\"https:\/\/www.astrasn.com\/en\/product\/ensemble-table-a-manger-et-console\/\" \/>\n<meta property=\"og:locale\" content=\"en_US\" \/>\n<meta property=\"og:type\" content=\"article\" \/>\n<meta property=\"og:title\" content=\"Acheter Ensemble Salle \u00e0 manger et console au meilleur prix. - Astra - Dakar, S\u00e9n\u00e9gal\" \/>\n<meta property=\"og:description\" content=\"Astra - Acheter Ensemble Salle \u00e0 manger et console au meilleur prix, Dakar, S\u00e9n\u00e9gal \u2192 D\u00e9couvrez nos meubles, chaises, bureaux, chambres a coucher, rangements...\" \/>\n<meta property=\"og:url\" content=\"https:\/\/www.astrasn.com\/en\/product\/ensemble-table-a-manger-et-console\/\" \/>\n<meta property=\"og:site_name\" content=\"Astra\" \/>\n<meta property=\"article:publisher\" content=\"https:\/\/www.facebook.com\/astrasenegal\" \/>\n<meta property=\"article:modified_time\" content=\"2022-10-10T15:37:22+00:00\" \/>\n<meta property=\"og:image\" content=\"https:\/\/www.astrasn.com\/wp-content\/uploads\/2022\/10\/Social-Media-Posts-2-5.png\" \/>\n\t<meta property=\"og:image:width\" content=\"1500\" \/>\n\t<meta property=\"og:image:height\" content=\"1500\" \/>\n\t<meta property=\"og:image:type\" content=\"image\/png\" \/>\n<meta name=\"twitter:card\" content=\"summary_large_image\" \/>\n<meta name=\"twitter:label1\" content=\"Est. reading time\" \/>\n\t<meta name=\"twitter:data1\" content=\"1 minute\" \/>\n<script type=\"application\/ld+json\" class=\"yoast-schema-graph\">{\"@context\":\"https:\/\/schema.org\",\"@graph\":[{\"@type\":\"WebPage\",\"@id\":\"https:\/\/www.astrasn.com\/produit\/ensemble-table-a-manger-et-console\/\",\"url\":\"https:\/\/www.astrasn.com\/produit\/ensemble-table-a-manger-et-console\/\",\"name\":\"Acheter Ensemble Salle \u00e0 manger et console au meilleur prix. - Astra - Dakar, S\u00e9n\u00e9gal\",\"isPartOf\":{\"@id\":\"https:\/\/www.astrasn.com\/#website\"},\"primaryImageOfPage\":{\"@id\":\"https:\/\/www.astrasn.com\/produit\/ensemble-table-a-manger-et-console\/#primaryimage\"},\"image\":{\"@id\":\"https:\/\/www.astrasn.com\/produit\/ensemble-table-a-manger-et-console\/#primaryimage\"},\"thumbnailUrl\":\"https:\/\/www.astrasn.com\/wp-content\/uploads\/2022\/10\/Social-Media-Posts-2-5.png\",\"datePublished\":\"2022-10-04T10:12:49+00:00\",\"dateModified\":\"2022-10-10T15:37:22+00:00\",\"description\":\"Astra - Acheter Ensemble Salle \u00e0 manger et console au meilleur prix, Dakar, S\u00e9n\u00e9gal \u2192 D\u00e9couvrez nos meubles, chaises, bureaux, chambres a coucher, rangements...\",\"breadcrumb\":{\"@id\":\"https:\/\/www.astrasn.com\/produit\/ensemble-table-a-manger-et-console\/#breadcrumb\"},\"inLanguage\":\"en-US\",\"potentialAction\":[{\"@type\":\"ReadAction\",\"target\":[\"https:\/\/www.astrasn.com\/produit\/ensemble-table-a-manger-et-console\/\"]}]},{\"@type\":\"ImageObject\",\"inLanguage\":\"en-US\",\"@id\":\"https:\/\/www.astrasn.com\/produit\/ensemble-table-a-manger-et-console\/#primaryimage\",\"url\":\"https:\/\/www.astrasn.com\/wp-content\/uploads\/2022\/10\/Social-Media-Posts-2-5.png\",\"contentUrl\":\"https:\/\/www.astrasn.com\/wp-content\/uploads\/2022\/10\/Social-Media-Posts-2-5.png\",\"width\":1500,\"height\":1500},{\"@type\":\"BreadcrumbList\",\"@id\":\"https:\/\/www.astrasn.com\/produit\/ensemble-table-a-manger-et-console\/#breadcrumb\",\"itemListElement\":[{\"@type\":\"ListItem\",\"position\":1,\"name\":\"Accueil\",\"item\":\"https:\/\/www.astrasn.com\/\"},{\"@type\":\"ListItem\",\"position\":2,\"name\":\"Boutique\",\"item\":\"https:\/\/www.astrasn.com\/boutique\/\"},{\"@type\":\"ListItem\",\"position\":3,\"name\":\"Ensemble Salle \u00e0 manger et console\"}]},{\"@type\":\"WebSite\",\"@id\":\"https:\/\/www.astrasn.com\/#website\",\"url\":\"https:\/\/www.astrasn.com\/\",\"name\":\"Astra\",\"description\":\"\",\"publisher\":{\"@id\":\"https:\/\/www.astrasn.com\/#organization\"},\"potentialAction\":[{\"@type\":\"SearchAction\",\"target\":{\"@type\":\"EntryPoint\",\"urlTemplate\":\"https:\/\/www.astrasn.com\/?s={search_term_string}\"},\"query-input\":{\"@type\":\"PropertyValueSpecification\",\"valueRequired\":true,\"valueName\":\"search_term_string\"}}],\"inLanguage\":\"en-US\"},{\"@type\":\"Organization\",\"@id\":\"https:\/\/www.astrasn.com\/#organization\",\"name\":\"Astra S\u00e9n\u00e9gal\",\"url\":\"https:\/\/www.astrasn.com\/\",\"logo\":{\"@type\":\"ImageObject\",\"inLanguage\":\"en-US\",\"@id\":\"https:\/\/www.astrasn.com\/#\/schema\/logo\/image\/\",\"url\":\"https:\/\/www.astrasn.com\/wp-content\/uploads\/2022\/02\/logo.png\",\"contentUrl\":\"https:\/\/www.astrasn.com\/wp-content\/uploads\/2022\/02\/logo.png\",\"width\":575,\"height\":400,\"caption\":\"Astra S\u00e9n\u00e9gal\"},\"image\":{\"@id\":\"https:\/\/www.astrasn.com\/#\/schema\/logo\/image\/\"},\"sameAs\":[\"https:\/\/www.facebook.com\/astrasenegal\",\"https:\/\/www.instagram.com\/astrasenegal\/\",\"https:\/\/www.youtube.com\/channel\/UC58lUdK8NcS6ADpXlmEQpHA\/\"]}]}<\/script>\n<!-- \/ Yoast SEO plugin. -->","yoast_head_json":{"title":"Acheter Ensemble Salle \u00e0 manger et console au meilleur prix. - Astra - Dakar, S\u00e9n\u00e9gal","description":"Astra - Acheter Ensemble Salle \u00e0 manger et console au meilleur prix, Dakar, S\u00e9n\u00e9gal \u2192 D\u00e9couvrez nos meubles, chaises, bureaux, chambres a coucher, rangements...","robots":{"index":"index","follow":"follow","max-snippet":"max-snippet:-1","max-image-preview":"max-image-preview:large","max-video-preview":"max-video-preview:-1"},"canonical":"https:\/\/www.astrasn.com\/en\/product\/ensemble-table-a-manger-et-console\/","og_locale":"en_US","og_type":"article","og_title":"Acheter Ensemble Salle \u00e0 manger et console au meilleur prix. - Astra - Dakar, S\u00e9n\u00e9gal","og_description":"Astra - Acheter Ensemble Salle \u00e0 manger et console au meilleur prix, Dakar, S\u00e9n\u00e9gal \u2192 D\u00e9couvrez nos meubles, chaises, bureaux, chambres a coucher, rangements...","og_url":"https:\/\/www.astrasn.com\/en\/product\/ensemble-table-a-manger-et-console\/","og_site_name":"Astra","article_publisher":"https:\/\/www.facebook.com\/astrasenegal","article_modified_time":"2022-10-10T15:37:22+00:00","og_image":[{"width":1500,"height":1500,"url":"https:\/\/www.astrasn.com\/wp-content\/uploads\/2022\/10\/Social-Media-Posts-2-5.png","type":"image\/png"}],"twitter_card":"summary_large_image","twitter_misc":{"Est. reading time":"1 minute"},"schema":{"@context":"https:\/\/schema.org","@graph":[{"@type":"WebPage","@id":"https:\/\/www.astrasn.com\/produit\/ensemble-table-a-manger-et-console\/","url":"https:\/\/www.astrasn.com\/produit\/ensemble-table-a-manger-et-console\/","name":"Acheter Ensemble Salle \u00e0 manger et console au meilleur prix. - Astra - Dakar, S\u00e9n\u00e9gal","isPartOf":{"@id":"https:\/\/www.astrasn.com\/#website"},"primaryImageOfPage":{"@id":"https:\/\/www.astrasn.com\/produit\/ensemble-table-a-manger-et-console\/#primaryimage"},"image":{"@id":"https:\/\/www.astrasn.com\/produit\/ensemble-table-a-manger-et-console\/#primaryimage"},"thumbnailUrl":"https:\/\/www.astrasn.com\/wp-content\/uploads\/2022\/10\/Social-Media-Posts-2-5.png","datePublished":"2022-10-04T10:12:49+00:00","dateModified":"2022-10-10T15:37:22+00:00","description":"Astra - Acheter Ensemble Salle \u00e0 manger et console au meilleur prix, Dakar, S\u00e9n\u00e9gal \u2192 D\u00e9couvrez nos meubles, chaises, bureaux, chambres a coucher, rangements...","breadcrumb":{"@id":"https:\/\/www.astrasn.com\/produit\/ensemble-table-a-manger-et-console\/#breadcrumb"},"inLanguage":"en-US","potentialAction":[{"@type":"ReadAction","target":["https:\/\/www.astrasn.com\/produit\/ensemble-table-a-manger-et-console\/"]}]},{"@type":"ImageObject","inLanguage":"en-US","@id":"https:\/\/www.astrasn.com\/produit\/ensemble-table-a-manger-et-console\/#primaryimage","url":"https:\/\/www.astrasn.com\/wp-content\/uploads\/2022\/10\/Social-Media-Posts-2-5.png","contentUrl":"https:\/\/www.astrasn.com\/wp-content\/uploads\/2022\/10\/Social-Media-Posts-2-5.png","width":1500,"height":1500},{"@type":"BreadcrumbList","@id":"https:\/\/www.astrasn.com\/produit\/ensemble-table-a-manger-et-console\/#breadcrumb","itemListElement":[{"@type":"ListItem","position":1,"name":"Accueil","item":"https:\/\/www.astrasn.com\/"},{"@type":"ListItem","position":2,"name":"Boutique","item":"https:\/\/www.astrasn.com\/boutique\/"},{"@type":"ListItem","position":3,"name":"Ensemble Salle \u00e0 manger et console"}]},{"@type":"WebSite","@id":"https:\/\/www.astrasn.com\/#website","url":"https:\/\/www.astrasn.com\/","name":"Astra","description":"","publisher":{"@id":"https:\/\/www.astrasn.com\/#organization"},"potentialAction":[{"@type":"SearchAction","target":{"@type":"EntryPoint","urlTemplate":"https:\/\/www.astrasn.com\/?s={search_term_string}"},"query-input":{"@type":"PropertyValueSpecification","valueRequired":true,"valueName":"search_term_string"}}],"inLanguage":"en-US"},{"@type":"Organization","@id":"https:\/\/www.astrasn.com\/#organization","name":"Astra S\u00e9n\u00e9gal","url":"https:\/\/www.astrasn.com\/","logo":{"@type":"ImageObject","inLanguage":"en-US","@id":"https:\/\/www.astrasn.com\/#\/schema\/logo\/image\/","url":"https:\/\/www.astrasn.com\/wp-content\/uploads\/2022\/02\/logo.png","contentUrl":"https:\/\/www.astrasn.com\/wp-content\/uploads\/2022\/02\/logo.png","width":575,"height":400,"caption":"Astra S\u00e9n\u00e9gal"},"image":{"@id":"https:\/\/www.astrasn.com\/#\/schema\/logo\/image\/"},"sameAs":["https:\/\/www.facebook.com\/astrasenegal","https:\/\/www.instagram.com\/astrasenegal\/","https:\/\/www.youtube.com\/channel\/UC58lUdK8NcS6ADpXlmEQpHA\/"]}]}},"_links":{"self":[{"href":"https:\/\/www.astrasn.com\/en\/wp-json\/wp\/v2\/product\/18272","targetHints":{"allow":["GET"]}}],"collection":[{"href":"https:\/\/www.astrasn.com\/en\/wp-json\/wp\/v2\/product"}],"about":[{"href":"https:\/\/www.astrasn.com\/en\/wp-json\/wp\/v2\/types\/product"}],"replies":[{"embeddable":true,"href":"https:\/\/www.astrasn.com\/en\/wp-json\/wp\/v2\/comments?post=18272"}],"wp:featuredmedia":[{"embeddable":true,"href":"https:\/\/www.astrasn.com\/en\/wp-json\/wp\/v2\/media\/18273"}],"wp:attachment":[{"href":"https:\/\/www.astrasn.com\/en\/wp-json\/wp\/v2\/media?parent=18272"}],"wp:term":[{"taxonomy":"product_brand","embeddable":true,"href":"https:\/\/www.astrasn.com\/en\/wp-json\/wp\/v2\/product_brand?post=18272"},{"taxonomy":"product_cat","embeddable":true,"href":"https:\/\/www.astrasn.com\/en\/wp-json\/wp\/v2\/product_cat?post=18272"},{"taxonomy":"product_tag","embeddable":true,"href":"https:\/\/www.astrasn.com\/en\/wp-json\/wp\/v2\/product_tag?post=18272"}],"curies":[{"name":"wp","href":"https:\/\/api.w.org\/{rel}","templated":true}]}}