{"id":19329,"date":"2024-07-26T18:51:18","date_gmt":"2024-07-26T18:51:18","guid":{"rendered":"https:\/\/www.astrasn.com\/?post_type=product&#038;p=19329"},"modified":"2026-01-09T10:42:55","modified_gmt":"2026-01-09T10:42:55","slug":"fauteuil-de-direction-de-bureau-daffaires-confort-et-elegance","status":"publish","type":"product","link":"https:\/\/www.astrasn.com\/en\/product\/fauteuil-de-direction-de-bureau-daffaires-confort-et-elegance\/","title":{"rendered":"Fauteuil de Direction de Bureau d\u2019Affaires &#8211; Confort et \u00c9l\u00e9gance"},"content":{"rendered":"<h1>Fauteuil de Direction de Bureau d\u2019Affaires &#8211; Confort et \u00c9l\u00e9gance<\/h1>\n<p>&nbsp;<\/p>\n<p>D\u00e9couvrez notre fauteuil de direction de bureau d\u2019affaires PU, une pi\u00e8ce ma\u00eetresse alliant confort et \u00e9l\u00e9gance pour tout environnement professionnel. Con\u00e7ue avec des mat\u00e9riaux de haute qualit\u00e9, cette chaise de bureau offre un design raffin\u00e9 et une grande classe, id\u00e9ale pour les avocats, les gestionnaires, et pour une utilisation \u00e0 domicile.<\/p>\n<p>Cette chaise ex\u00e9cutive est r\u00e9glable en hauteur et dispose de mains courantes pour un soutien suppl\u00e9mentaire. Son dossier d&rsquo;une hauteur de \u2264125 mm assure un bon maintien du dos. Fabriqu\u00e9e avec un cadre en alliage d\u2019aluminium robuste, elle est \u00e0 la fois durable et \u00e9l\u00e9gante. Bien que cette chaise ne soit pas \u00e9quip\u00e9e de roulettes, elle est pliable pour un rangement facile et personnalisable selon vos besoins sp\u00e9cifiques.<\/p>\n<p>Originaire de Chine, cette chaise de bureau est con\u00e7ue pour une utilisation commerciale g\u00e9n\u00e9rale, s&rsquo;int\u00e9grant parfaitement dans tout espace de bureau moderne.<\/p>","protected":false},"excerpt":{"rendered":"<p>Fauteuil de direction de bureau en cuir PU, r\u00e9glable en hauteur, avec mains courantes et cadre en alliage d\u2019aluminium. Confort et \u00e9l\u00e9gance pour bureaux d\u2019affaires.<\/p>","protected":false},"featured_media":19334,"comment_status":"open","ping_status":"closed","template":"","meta":[],"product_brand":[],"product_cat":[24,609,15,680],"product_tag":[857,708,856,843,855,848,854,840],"class_list":{"0":"post-19329","1":"product","2":"type-product","3":"status-publish","4":"has-post-thumbnail","6":"product_cat-bureau","7":"product_cat-chaise-fauteuil-de-bureau","8":"product_cat-chaises-fauteuils","9":"product_cat-fauteuil-de-bureau","10":"product_tag-chaise-confortable","11":"product_tag-chaise-de-bureau","12":"product_tag-chaise-de-bureau-daffaires","13":"product_tag-chaise-de-direction","14":"product_tag-chaise-de-gestionnaire","15":"product_tag-chaise-en-cuir-pu","16":"product_tag-chaise-executive","17":"product_tag-mobilier-de-bureau","19":"first","20":"instock","21":"sale","22":"shipping-taxable","23":"purchasable","24":"product-type-simple"},"yoast_head":"<!-- This site is optimized with the Yoast SEO plugin v27.2 - https:\/\/yoast.com\/product\/yoast-seo-wordpress\/ -->\n<title>Fauteuil de Direction de Bureau d\u2019Affaires - Confort et \u00c9l\u00e9gance<\/title>\n<meta name=\"description\" content=\"Fauteuil de direction en cuir, confort et \u00e9l\u00e9gance. R\u00e9glable en hauteur, mains courantes et cadre en alliage d\u2019aluminium. Parfaite pour bureaux d\u2019affaires.\" \/>\n<meta name=\"robots\" content=\"index, follow, max-snippet:-1, max-image-preview:large, max-video-preview:-1\" \/>\n<link rel=\"canonical\" href=\"https:\/\/www.astrasn.com\/en\/product\/fauteuil-de-direction-de-bureau-daffaires-confort-et-elegance\/\" \/>\n<meta property=\"og:locale\" content=\"en_US\" \/>\n<meta property=\"og:type\" content=\"article\" \/>\n<meta property=\"og:title\" content=\"Fauteuil de Direction de Bureau d\u2019Affaires - Confort et \u00c9l\u00e9gance\" \/>\n<meta property=\"og:description\" content=\"Fauteuil de direction en cuir, confort et \u00e9l\u00e9gance. R\u00e9glable en hauteur, mains courantes et cadre en alliage d\u2019aluminium. Parfaite pour bureaux d\u2019affaires.\" \/>\n<meta property=\"og:url\" content=\"https:\/\/www.astrasn.com\/en\/product\/fauteuil-de-direction-de-bureau-daffaires-confort-et-elegance\/\" \/>\n<meta property=\"og:site_name\" content=\"Astra\" \/>\n<meta property=\"article:publisher\" content=\"https:\/\/www.facebook.com\/astrasenegal\" \/>\n<meta property=\"article:modified_time\" content=\"2026-01-09T10:42:55+00:00\" \/>\n<meta property=\"og:image\" content=\"https:\/\/www.astrasn.com\/wp-content\/uploads\/2024\/07\/01-2.webp\" \/>\n\t<meta property=\"og:image:width\" content=\"800\" \/>\n\t<meta property=\"og:image:height\" content=\"800\" \/>\n\t<meta property=\"og:image:type\" content=\"image\/webp\" \/>\n<meta name=\"twitter:card\" content=\"summary_large_image\" \/>\n<meta name=\"twitter:label1\" content=\"Est. reading time\" \/>\n\t<meta name=\"twitter:data1\" content=\"1 minute\" \/>\n<script type=\"application\/ld+json\" class=\"yoast-schema-graph\">{\"@context\":\"https:\/\/schema.org\",\"@graph\":[{\"@type\":\"WebPage\",\"@id\":\"https:\/\/www.astrasn.com\/produit\/fauteuil-de-direction-de-bureau-daffaires-confort-et-elegance\/\",\"url\":\"https:\/\/www.astrasn.com\/produit\/fauteuil-de-direction-de-bureau-daffaires-confort-et-elegance\/\",\"name\":\"Fauteuil de Direction de Bureau d\u2019Affaires - Confort et \u00c9l\u00e9gance\",\"isPartOf\":{\"@id\":\"https:\/\/www.astrasn.com\/#website\"},\"primaryImageOfPage\":{\"@id\":\"https:\/\/www.astrasn.com\/produit\/fauteuil-de-direction-de-bureau-daffaires-confort-et-elegance\/#primaryimage\"},\"image\":{\"@id\":\"https:\/\/www.astrasn.com\/produit\/fauteuil-de-direction-de-bureau-daffaires-confort-et-elegance\/#primaryimage\"},\"thumbnailUrl\":\"https:\/\/www.astrasn.com\/wp-content\/uploads\/2024\/07\/01-2.webp\",\"datePublished\":\"2024-07-26T18:51:18+00:00\",\"dateModified\":\"2026-01-09T10:42:55+00:00\",\"description\":\"Fauteuil de direction en cuir, confort et \u00e9l\u00e9gance. R\u00e9glable en hauteur, mains courantes et cadre en alliage d\u2019aluminium. Parfaite pour bureaux d\u2019affaires.\",\"breadcrumb\":{\"@id\":\"https:\/\/www.astrasn.com\/produit\/fauteuil-de-direction-de-bureau-daffaires-confort-et-elegance\/#breadcrumb\"},\"inLanguage\":\"en-US\",\"potentialAction\":[{\"@type\":\"ReadAction\",\"target\":[\"https:\/\/www.astrasn.com\/produit\/fauteuil-de-direction-de-bureau-daffaires-confort-et-elegance\/\"]}]},{\"@type\":\"ImageObject\",\"inLanguage\":\"en-US\",\"@id\":\"https:\/\/www.astrasn.com\/produit\/fauteuil-de-direction-de-bureau-daffaires-confort-et-elegance\/#primaryimage\",\"url\":\"https:\/\/www.astrasn.com\/wp-content\/uploads\/2024\/07\/01-2.webp\",\"contentUrl\":\"https:\/\/www.astrasn.com\/wp-content\/uploads\/2024\/07\/01-2.webp\",\"width\":800,\"height\":800,\"caption\":\"Chaise de Direction de Bureau d\u2019Affaires en Cuir - Confort et \u00c9l\u00e9gance\"},{\"@type\":\"BreadcrumbList\",\"@id\":\"https:\/\/www.astrasn.com\/produit\/fauteuil-de-direction-de-bureau-daffaires-confort-et-elegance\/#breadcrumb\",\"itemListElement\":[{\"@type\":\"ListItem\",\"position\":1,\"name\":\"Accueil\",\"item\":\"https:\/\/www.astrasn.com\/\"},{\"@type\":\"ListItem\",\"position\":2,\"name\":\"Boutique\",\"item\":\"https:\/\/www.astrasn.com\/boutique\/\"},{\"@type\":\"ListItem\",\"position\":3,\"name\":\"Fauteuil de Direction de Bureau d\u2019Affaires &#8211; Confort et \u00c9l\u00e9gance\"}]},{\"@type\":\"WebSite\",\"@id\":\"https:\/\/www.astrasn.com\/#website\",\"url\":\"https:\/\/www.astrasn.com\/\",\"name\":\"Astra\",\"description\":\"\",\"publisher\":{\"@id\":\"https:\/\/www.astrasn.com\/#organization\"},\"potentialAction\":[{\"@type\":\"SearchAction\",\"target\":{\"@type\":\"EntryPoint\",\"urlTemplate\":\"https:\/\/www.astrasn.com\/?s={search_term_string}\"},\"query-input\":{\"@type\":\"PropertyValueSpecification\",\"valueRequired\":true,\"valueName\":\"search_term_string\"}}],\"inLanguage\":\"en-US\"},{\"@type\":\"Organization\",\"@id\":\"https:\/\/www.astrasn.com\/#organization\",\"name\":\"Astra S\u00e9n\u00e9gal\",\"url\":\"https:\/\/www.astrasn.com\/\",\"logo\":{\"@type\":\"ImageObject\",\"inLanguage\":\"en-US\",\"@id\":\"https:\/\/www.astrasn.com\/#\/schema\/logo\/image\/\",\"url\":\"https:\/\/www.astrasn.com\/wp-content\/uploads\/2022\/02\/logo.png\",\"contentUrl\":\"https:\/\/www.astrasn.com\/wp-content\/uploads\/2022\/02\/logo.png\",\"width\":575,\"height\":400,\"caption\":\"Astra S\u00e9n\u00e9gal\"},\"image\":{\"@id\":\"https:\/\/www.astrasn.com\/#\/schema\/logo\/image\/\"},\"sameAs\":[\"https:\/\/www.facebook.com\/astrasenegal\",\"https:\/\/www.instagram.com\/astrasenegal\/\",\"https:\/\/www.youtube.com\/channel\/UC58lUdK8NcS6ADpXlmEQpHA\/\"]}]}<\/script>\n<!-- \/ Yoast SEO plugin. -->","yoast_head_json":{"title":"Fauteuil de Direction de Bureau d\u2019Affaires - Confort et \u00c9l\u00e9gance","description":"Fauteuil de direction en cuir, confort et \u00e9l\u00e9gance. R\u00e9glable en hauteur, mains courantes et cadre en alliage d\u2019aluminium. Parfaite pour bureaux d\u2019affaires.","robots":{"index":"index","follow":"follow","max-snippet":"max-snippet:-1","max-image-preview":"max-image-preview:large","max-video-preview":"max-video-preview:-1"},"canonical":"https:\/\/www.astrasn.com\/en\/product\/fauteuil-de-direction-de-bureau-daffaires-confort-et-elegance\/","og_locale":"en_US","og_type":"article","og_title":"Fauteuil de Direction de Bureau d\u2019Affaires - Confort et \u00c9l\u00e9gance","og_description":"Fauteuil de direction en cuir, confort et \u00e9l\u00e9gance. R\u00e9glable en hauteur, mains courantes et cadre en alliage d\u2019aluminium. Parfaite pour bureaux d\u2019affaires.","og_url":"https:\/\/www.astrasn.com\/en\/product\/fauteuil-de-direction-de-bureau-daffaires-confort-et-elegance\/","og_site_name":"Astra","article_publisher":"https:\/\/www.facebook.com\/astrasenegal","article_modified_time":"2026-01-09T10:42:55+00:00","og_image":[{"width":800,"height":800,"url":"https:\/\/www.astrasn.com\/wp-content\/uploads\/2024\/07\/01-2.webp","type":"image\/webp"}],"twitter_card":"summary_large_image","twitter_misc":{"Est. reading time":"1 minute"},"schema":{"@context":"https:\/\/schema.org","@graph":[{"@type":"WebPage","@id":"https:\/\/www.astrasn.com\/produit\/fauteuil-de-direction-de-bureau-daffaires-confort-et-elegance\/","url":"https:\/\/www.astrasn.com\/produit\/fauteuil-de-direction-de-bureau-daffaires-confort-et-elegance\/","name":"Fauteuil de Direction de Bureau d\u2019Affaires - Confort et \u00c9l\u00e9gance","isPartOf":{"@id":"https:\/\/www.astrasn.com\/#website"},"primaryImageOfPage":{"@id":"https:\/\/www.astrasn.com\/produit\/fauteuil-de-direction-de-bureau-daffaires-confort-et-elegance\/#primaryimage"},"image":{"@id":"https:\/\/www.astrasn.com\/produit\/fauteuil-de-direction-de-bureau-daffaires-confort-et-elegance\/#primaryimage"},"thumbnailUrl":"https:\/\/www.astrasn.com\/wp-content\/uploads\/2024\/07\/01-2.webp","datePublished":"2024-07-26T18:51:18+00:00","dateModified":"2026-01-09T10:42:55+00:00","description":"Fauteuil de direction en cuir, confort et \u00e9l\u00e9gance. R\u00e9glable en hauteur, mains courantes et cadre en alliage d\u2019aluminium. Parfaite pour bureaux d\u2019affaires.","breadcrumb":{"@id":"https:\/\/www.astrasn.com\/produit\/fauteuil-de-direction-de-bureau-daffaires-confort-et-elegance\/#breadcrumb"},"inLanguage":"en-US","potentialAction":[{"@type":"ReadAction","target":["https:\/\/www.astrasn.com\/produit\/fauteuil-de-direction-de-bureau-daffaires-confort-et-elegance\/"]}]},{"@type":"ImageObject","inLanguage":"en-US","@id":"https:\/\/www.astrasn.com\/produit\/fauteuil-de-direction-de-bureau-daffaires-confort-et-elegance\/#primaryimage","url":"https:\/\/www.astrasn.com\/wp-content\/uploads\/2024\/07\/01-2.webp","contentUrl":"https:\/\/www.astrasn.com\/wp-content\/uploads\/2024\/07\/01-2.webp","width":800,"height":800,"caption":"Chaise de Direction de Bureau d\u2019Affaires en Cuir - Confort et \u00c9l\u00e9gance"},{"@type":"BreadcrumbList","@id":"https:\/\/www.astrasn.com\/produit\/fauteuil-de-direction-de-bureau-daffaires-confort-et-elegance\/#breadcrumb","itemListElement":[{"@type":"ListItem","position":1,"name":"Accueil","item":"https:\/\/www.astrasn.com\/"},{"@type":"ListItem","position":2,"name":"Boutique","item":"https:\/\/www.astrasn.com\/boutique\/"},{"@type":"ListItem","position":3,"name":"Fauteuil de Direction de Bureau d\u2019Affaires &#8211; Confort et \u00c9l\u00e9gance"}]},{"@type":"WebSite","@id":"https:\/\/www.astrasn.com\/#website","url":"https:\/\/www.astrasn.com\/","name":"Astra","description":"","publisher":{"@id":"https:\/\/www.astrasn.com\/#organization"},"potentialAction":[{"@type":"SearchAction","target":{"@type":"EntryPoint","urlTemplate":"https:\/\/www.astrasn.com\/?s={search_term_string}"},"query-input":{"@type":"PropertyValueSpecification","valueRequired":true,"valueName":"search_term_string"}}],"inLanguage":"en-US"},{"@type":"Organization","@id":"https:\/\/www.astrasn.com\/#organization","name":"Astra S\u00e9n\u00e9gal","url":"https:\/\/www.astrasn.com\/","logo":{"@type":"ImageObject","inLanguage":"en-US","@id":"https:\/\/www.astrasn.com\/#\/schema\/logo\/image\/","url":"https:\/\/www.astrasn.com\/wp-content\/uploads\/2022\/02\/logo.png","contentUrl":"https:\/\/www.astrasn.com\/wp-content\/uploads\/2022\/02\/logo.png","width":575,"height":400,"caption":"Astra S\u00e9n\u00e9gal"},"image":{"@id":"https:\/\/www.astrasn.com\/#\/schema\/logo\/image\/"},"sameAs":["https:\/\/www.facebook.com\/astrasenegal","https:\/\/www.instagram.com\/astrasenegal\/","https:\/\/www.youtube.com\/channel\/UC58lUdK8NcS6ADpXlmEQpHA\/"]}]}},"_links":{"self":[{"href":"https:\/\/www.astrasn.com\/en\/wp-json\/wp\/v2\/product\/19329","targetHints":{"allow":["GET"]}}],"collection":[{"href":"https:\/\/www.astrasn.com\/en\/wp-json\/wp\/v2\/product"}],"about":[{"href":"https:\/\/www.astrasn.com\/en\/wp-json\/wp\/v2\/types\/product"}],"replies":[{"embeddable":true,"href":"https:\/\/www.astrasn.com\/en\/wp-json\/wp\/v2\/comments?post=19329"}],"wp:featuredmedia":[{"embeddable":true,"href":"https:\/\/www.astrasn.com\/en\/wp-json\/wp\/v2\/media\/19334"}],"wp:attachment":[{"href":"https:\/\/www.astrasn.com\/en\/wp-json\/wp\/v2\/media?parent=19329"}],"wp:term":[{"taxonomy":"product_brand","embeddable":true,"href":"https:\/\/www.astrasn.com\/en\/wp-json\/wp\/v2\/product_brand?post=19329"},{"taxonomy":"product_cat","embeddable":true,"href":"https:\/\/www.astrasn.com\/en\/wp-json\/wp\/v2\/product_cat?post=19329"},{"taxonomy":"product_tag","embeddable":true,"href":"https:\/\/www.astrasn.com\/en\/wp-json\/wp\/v2\/product_tag?post=19329"}],"curies":[{"name":"wp","href":"https:\/\/api.w.org\/{rel}","templated":true}]}}